{"id":4871,"date":"2025-03-15T15:17:45","date_gmt":"2025-03-15T14:17:45","guid":{"rendered":"https:\/\/lendo.biz\/index.php\/produkt\/listwa-bukowa-sprezynujaca-995-mm-do-lozka-stelaza-5-szt\/"},"modified":"2026-01-01T17:40:58","modified_gmt":"2026-01-01T16:40:58","slug":"listwa-bukowa-sprezynujaca-995-mm-do-lozka-stelaza-5-szt","status":"publish","type":"product","link":"https:\/\/lendo.biz\/index.php\/produkt\/listwa-bukowa-sprezynujaca-995-mm-do-lozka-stelaza-5-szt\/","title":{"rendered":"Listwa bukowa spr\u0119\u017cynuj\u0105ca 995 mm do \u0142\u00f3\u017cka stela\u017ca 5 szt."},"content":{"rendered":"<section class=\"section\">\n<div class=\"item item-12\">\n<section class=\"text-item\">\n<h2>Listwa bukowa spr\u0119\u017cynuj\u0105ca 995x53x8<\/h2>\n<\/section><\/div>\n<\/section>\n<section class=\"section\">\n<div class=\"item item-12\">\n<section class=\"image-item\">\n            <img decoding=\"async\" src=\"https:\/\/upload.cdn.baselinker.com\/products\/5004861\/7bcd89e7b117f61582d41c1b93c4b8ba.jpg\" \/><br \/>\n        <\/section>\n<\/p><\/div>\n<\/section>\n<section class=\"section\">\n<div class=\"item item-12\">\n<section class=\"text-item\">\n<p>Listwa wykonana jest z\u00a0drewna bukowego, dzi\u0119ki czemu jest gwarancj\u0105 wytrzyma\u0142o\u015bci i trwa\u0142o\u015bci. Listwy bukowe s\u0105 du\u017co trwalsze i mocniejsze od popularnych na rynku listew brzozowych.<\/p>\n<\/section><\/div>\n<\/section>\n<section class=\"section\">\n<div class=\"item item-6\">\n<section class=\"image-item\">\n            <img decoding=\"async\" src=\"https:\/\/upload.cdn.baselinker.com\/products\/5004861\/ba74534e9959efbcb9dcd3d143255c41.jpg\" \/><br \/>\n        <\/section>\n<\/p><\/div>\n<div class=\"item item-6\">\n<section class=\"text-item\">\n<ul>\n<li>Wi\u0119kszo\u015b\u0107 \u0142\u00f3\u017cek i stela\u017cy sk\u0142ada si\u0119 z odpowiednio dopasowanych element\u00f3w. Do jednych z nich zaliczaj\u0105 si\u0119 listwy spr\u0119\u017cynuj\u0105ce, kt\u00f3re wyr\u00f3\u017cniaj\u0105 si\u0119 najwy\u017csz\u0105 jako\u015bci\u0105. Cz\u0119\u015bci te zosta\u0142y wykonane z wyselekcjonowanych materia\u0142\u00f3w, dzi\u0119ki czemu nie tylko dobrze wygl\u0105daj\u0105, ale i s\u0105 niezwykle wytrzyma\u0142e.<\/li>\n<li>Listwy spr\u0119\u017cynuj\u0105ce stanowi\u0105 kluczowe elementy konstrukcji \u0142\u00f3\u017cka. Odpowiadaj\u0105 za r\u00f3wnomierne roz\u0142o\u017cenie ci\u0119\u017caru na ca\u0142ej powierzchni, tym samym wp\u0142ywaj\u0105c na zdrowy sen i samopoczucie u\u017cytkownika.\u00a0<\/li>\n<li>Listwy spr\u0119\u017cynuj\u0105ce stanowi\u0105 kluczowe elementy konstrukcji \u0142\u00f3\u017cka. Odpowiadaj\u0105 za r\u00f3wnomierne roz\u0142o\u017cenie ci\u0119\u017caru na ca\u0142ej powierzchni, tym samym wp\u0142ywaj\u0105c na zdrowy sen i samopoczucie u\u017cytkownika.\u00a0<\/li>\n<li>Dobrze dopasowane listwy spr\u0119\u017cynuj\u0105ce do \u0142\u00f3\u017cka zapewniaj\u0105 r\u00f3wnie\u017c wentylacj\u0119 materac\u00f3w. To z kolei wyd\u0142u\u017ca ich \u017cywotno\u015b\u0107 oraz zapobiega rozwojowi roztoczy i bakterii.\u00a0<\/li>\n<\/ul>\n<\/section><\/div>\n<\/section>\n<section class=\"section\">\n<div class=\"item item-6\">\n<section class=\"text-item\">\n<h2>Wymiar listwy:<\/h2>\n<ul>\n<li>szeroko\u015b\u0107: 53 mm<\/li>\n<li>grubo\u015b\u0107: 8 mm<\/li>\n<li>d\u0142ugo\u015b\u0107: 995 mm<\/li>\n<\/ul>\n<p>Jest przeznaczona do \u0142\u00f3\u017cka \/ stela\u017ca o szeroko\u015bci 100 cm.<\/p>\n<\/section><\/div>\n<div class=\"item item-6\">\n<section class=\"image-item\">\n            <img decoding=\"async\" src=\"https:\/\/upload.cdn.baselinker.com\/products\/5004861\/4899100e5c37440a8de665f949706040.jpg\" \/><br \/>\n        <\/section>\n<\/p><\/div>\n<\/section>\n<section class=\"section\">\n<div class=\"item item-12\">\n<section class=\"text-item\">\n<p>Zainwestuj w solidno\u015b\u0107 i estetyk\u0119. Wybierz listw\u0119 bukow\u0105, kt\u00f3ra nie tylko spe\u0142nia swoje funkcje, ale tak\u017ce dodaje wyrafinowania Twoim meblom.<\/p>\n<\/section><\/div>\n<\/section>\n<section class=\"section\">\n<div class=\"item item-12\">\n<section class=\"text-item\">\n<p><b>Aukcja dotyczy zakupu 5 sztuk listew.<\/b><\/p>\n<\/section><\/div>\n<\/section>\n<section class=\"section\">\n<div class=\"item item-6\">\n<section class=\"image-item\">\n            <img decoding=\"async\" src=\"https:\/\/upload.cdn.baselinker.com\/products\/5004861\/9a30dc49e268137d6a816969fa4833c5.jpg\" \/><br \/>\n        <\/section>\n<\/p><\/div>\n<div class=\"item item-6\">\n<section class=\"text-item\">\n<p><b>Na Pa\u0144stwa \u017cyczenie skr\u00f3cimy listwy na dowolnie podany wymiar.<\/b><\/p>\n<p>Us\u0142uga ci\u0119cia dost\u0119pna jest na osobnej aukcji.<\/p>\n<p>Aby skorzysta\u0107 z takiej opcji nale\u017cy doda\u0107 do koszyka potrzebn\u0105 ilo\u015b\u0107 listew plus us\u0142ug\u0119\u00a0skr\u00f3cenia listew spr\u0119\u017cystych. Nast\u0119pnie w wiadomo\u015bci do sprzedawcy poda\u0107 potrzebn\u0105 d\u0142ugo\u015b\u0107 listew.<\/p>\n<\/section><\/div>\n<\/section>\n<section class=\"section\">\n<div class=\"item item-6\">\n<section class=\"text-item\">\n<p>Na innych naszych aukcjach znajduj\u0105 si\u0119:<\/p>\n<ul>\n<li>zestawy 3 szt. i 10 szt. listew,<\/li>\n<li>listwy o r\u00f3\u017cnych d\u0142ugo\u015bciach,<\/li>\n<li>ta\u015bma mocuj\u0105c\u0105 o du\u017cej wytrzyma\u0142o\u015bci gwarantuj\u0105ca r\u00f3wnomierne i trwa\u0142e roz\u0142o\u017cenie listew na ramie \u0142\u00f3\u017cka,<\/li>\n<li>nak\u0142adki z tworzywa sztucznego na listwy zapobiegaj\u0105ce skrzypieniu,<\/li>\n<li>stela\u017ce w r\u00f3\u017cnych rozmiarach.<\/li>\n<\/ul>\n<\/section><\/div>\n<div class=\"item item-6\">\n<section class=\"image-item\">\n            <img decoding=\"async\" src=\"https:\/\/upload.cdn.baselinker.com\/products\/5004861\/f072b24729ddcf6c020686460a77eb4e.jpg\" \/><br \/>\n        <\/section>\n<\/p><\/div>\n<\/section>\n","protected":false},"excerpt":{"rendered":"<p>Listwa bukowa spr\u0119\u017cynuj\u0105ca 995x53x8 Listwa wykonana jest z\u00a0drewna bukowego, dzi\u0119ki czemu jest gwarancj\u0105 wytrzyma\u0142o\u015bci i trwa\u0142o\u015bci. Listwy bukowe s\u0105 du\u017co trwalsze i mocniejsze od popularnych na rynku listew brzozowych. Wi\u0119kszo\u015b\u0107 \u0142\u00f3\u017cek i stela\u017cy sk\u0142ada si\u0119 z odpowiednio dopasowanych element\u00f3w. Do jednych z nich zaliczaj\u0105 si\u0119 listwy spr\u0119\u017cynuj\u0105ce, kt\u00f3re wyr\u00f3\u017cniaj\u0105 si\u0119 najwy\u017csz\u0105 jako\u015bci\u0105. Cz\u0119\u015bci te zosta\u0142y [&hellip;]<\/p>\n","protected":false},"featured_media":4867,"comment_status":"open","ping_status":"closed","template":"","meta":[],"product_brand":[],"product_cat":[24],"product_tag":[],"class_list":{"0":"post-4871","1":"product","2":"type-product","3":"status-publish","4":"has-post-thumbnail","6":"product_cat-stelaze","7":"product_shipping_class-listwy-3-5-szt","9":"first","10":"instock","11":"taxable","12":"shipping-taxable","13":"purchasable","14":"product-type-simple"},"yoast_head":"<!-- This site is optimized with the Yoast SEO plugin v27.5 - https:\/\/yoast.com\/product\/yoast-seo-wordpress\/ -->\n<title>Listwa bukowa spr\u0119\u017cynuj\u0105ca 995 mm do \u0142\u00f3\u017cka stela\u017ca 5 szt. - LENDO<\/title>\n<meta name=\"robots\" content=\"index, follow, max-snippet:-1, max-image-preview:large, max-video-preview:-1\" \/>\n<link rel=\"canonical\" href=\"https:\/\/lendo.biz\/index.php\/produkt\/listwa-bukowa-sprezynujaca-995-mm-do-lozka-stelaza-5-szt\/\" \/>\n<meta property=\"og:locale\" content=\"pl_PL\" \/>\n<meta property=\"og:type\" content=\"article\" \/>\n<meta property=\"og:title\" content=\"Listwa bukowa spr\u0119\u017cynuj\u0105ca 995 mm do \u0142\u00f3\u017cka stela\u017ca 5 szt. - LENDO\" \/>\n<meta property=\"og:description\" content=\"Listwa bukowa spr\u0119\u017cynuj\u0105ca 995x53x8 Listwa wykonana jest z\u00a0drewna bukowego, dzi\u0119ki czemu jest gwarancj\u0105 wytrzyma\u0142o\u015bci i trwa\u0142o\u015bci. Listwy bukowe s\u0105 du\u017co trwalsze i mocniejsze od popularnych na rynku listew brzozowych. Wi\u0119kszo\u015b\u0107 \u0142\u00f3\u017cek i stela\u017cy sk\u0142ada si\u0119 z odpowiednio dopasowanych element\u00f3w. Do jednych z nich zaliczaj\u0105 si\u0119 listwy spr\u0119\u017cynuj\u0105ce, kt\u00f3re wyr\u00f3\u017cniaj\u0105 si\u0119 najwy\u017csz\u0105 jako\u015bci\u0105. Cz\u0119\u015bci te zosta\u0142y [&hellip;]\" \/>\n<meta property=\"og:url\" content=\"https:\/\/lendo.biz\/index.php\/produkt\/listwa-bukowa-sprezynujaca-995-mm-do-lozka-stelaza-5-szt\/\" \/>\n<meta property=\"og:site_name\" content=\"LENDO\" \/>\n<meta property=\"article:modified_time\" content=\"2026-01-01T16:40:58+00:00\" \/>\n<meta property=\"og:image\" content=\"https:\/\/lendo.biz\/wp-content\/uploads\/2025\/03\/5bc485d0767875013643109849db4455.jpg\" \/>\n\t<meta property=\"og:image:width\" content=\"1887\" \/>\n\t<meta property=\"og:image:height\" content=\"1454\" \/>\n\t<meta property=\"og:image:type\" content=\"image\/jpeg\" \/>\n<meta name=\"twitter:card\" content=\"summary_large_image\" \/>\n<meta name=\"twitter:label1\" content=\"Szacowany czas czytania\" \/>\n\t<meta name=\"twitter:data1\" content=\"2 minuty\" \/>\n<script type=\"application\/ld+json\" class=\"yoast-schema-graph\">{\"@context\":\"https:\\\/\\\/schema.org\",\"@graph\":[{\"@type\":\"WebPage\",\"@id\":\"https:\\\/\\\/lendo.biz\\\/index.php\\\/produkt\\\/listwa-bukowa-sprezynujaca-995-mm-do-lozka-stelaza-5-szt\\\/\",\"url\":\"https:\\\/\\\/lendo.biz\\\/index.php\\\/produkt\\\/listwa-bukowa-sprezynujaca-995-mm-do-lozka-stelaza-5-szt\\\/\",\"name\":\"Listwa bukowa spr\u0119\u017cynuj\u0105ca 995 mm do \u0142\u00f3\u017cka stela\u017ca 5 szt. - LENDO\",\"isPartOf\":{\"@id\":\"https:\\\/\\\/lendo.biz\\\/#website\"},\"primaryImageOfPage\":{\"@id\":\"https:\\\/\\\/lendo.biz\\\/index.php\\\/produkt\\\/listwa-bukowa-sprezynujaca-995-mm-do-lozka-stelaza-5-szt\\\/#primaryimage\"},\"image\":{\"@id\":\"https:\\\/\\\/lendo.biz\\\/index.php\\\/produkt\\\/listwa-bukowa-sprezynujaca-995-mm-do-lozka-stelaza-5-szt\\\/#primaryimage\"},\"thumbnailUrl\":\"https:\\\/\\\/lendo.biz\\\/wp-content\\\/uploads\\\/2025\\\/03\\\/5bc485d0767875013643109849db4455.jpg\",\"datePublished\":\"2025-03-15T14:17:45+00:00\",\"dateModified\":\"2026-01-01T16:40:58+00:00\",\"breadcrumb\":{\"@id\":\"https:\\\/\\\/lendo.biz\\\/index.php\\\/produkt\\\/listwa-bukowa-sprezynujaca-995-mm-do-lozka-stelaza-5-szt\\\/#breadcrumb\"},\"inLanguage\":\"pl-PL\",\"potentialAction\":[{\"@type\":\"ReadAction\",\"target\":[\"https:\\\/\\\/lendo.biz\\\/index.php\\\/produkt\\\/listwa-bukowa-sprezynujaca-995-mm-do-lozka-stelaza-5-szt\\\/\"]}]},{\"@type\":\"ImageObject\",\"inLanguage\":\"pl-PL\",\"@id\":\"https:\\\/\\\/lendo.biz\\\/index.php\\\/produkt\\\/listwa-bukowa-sprezynujaca-995-mm-do-lozka-stelaza-5-szt\\\/#primaryimage\",\"url\":\"https:\\\/\\\/lendo.biz\\\/wp-content\\\/uploads\\\/2025\\\/03\\\/5bc485d0767875013643109849db4455.jpg\",\"contentUrl\":\"https:\\\/\\\/lendo.biz\\\/wp-content\\\/uploads\\\/2025\\\/03\\\/5bc485d0767875013643109849db4455.jpg\",\"width\":1887,\"height\":1454},{\"@type\":\"BreadcrumbList\",\"@id\":\"https:\\\/\\\/lendo.biz\\\/index.php\\\/produkt\\\/listwa-bukowa-sprezynujaca-995-mm-do-lozka-stelaza-5-szt\\\/#breadcrumb\",\"itemListElement\":[{\"@type\":\"ListItem\",\"position\":1,\"name\":\"Strona g\u0142\u00f3wna\",\"item\":\"https:\\\/\\\/lendo.biz\\\/\"},{\"@type\":\"ListItem\",\"position\":2,\"name\":\"Sklep\",\"item\":\"https:\\\/\\\/lendo.biz\\\/index.php\\\/sklep\\\/\"},{\"@type\":\"ListItem\",\"position\":3,\"name\":\"Listwa bukowa spr\u0119\u017cynuj\u0105ca 995 mm do \u0142\u00f3\u017cka stela\u017ca 5 szt.\"}]},{\"@type\":\"WebSite\",\"@id\":\"https:\\\/\\\/lendo.biz\\\/#website\",\"url\":\"https:\\\/\\\/lendo.biz\\\/\",\"name\":\"LENDO\",\"description\":\"\u0141\u00f3\u017cka dla dzieci i m\u0142odzie\u017cy - sklep | Producent LENDO\",\"publisher\":{\"@id\":\"https:\\\/\\\/lendo.biz\\\/#organization\"},\"potentialAction\":[{\"@type\":\"SearchAction\",\"target\":{\"@type\":\"EntryPoint\",\"urlTemplate\":\"https:\\\/\\\/lendo.biz\\\/?s={search_term_string}\"},\"query-input\":{\"@type\":\"PropertyValueSpecification\",\"valueRequired\":true,\"valueName\":\"search_term_string\"}}],\"inLanguage\":\"pl-PL\"},{\"@type\":\"Organization\",\"@id\":\"https:\\\/\\\/lendo.biz\\\/#organization\",\"name\":\"LENDO\",\"url\":\"https:\\\/\\\/lendo.biz\\\/\",\"logo\":{\"@type\":\"ImageObject\",\"inLanguage\":\"pl-PL\",\"@id\":\"https:\\\/\\\/lendo.biz\\\/#\\\/schema\\\/logo\\\/image\\\/\",\"url\":\"https:\\\/\\\/lendo.biz\\\/wp-content\\\/uploads\\\/2020\\\/03\\\/cropped-logo-1-e1584310615132-1.png\",\"contentUrl\":\"https:\\\/\\\/lendo.biz\\\/wp-content\\\/uploads\\\/2020\\\/03\\\/cropped-logo-1-e1584310615132-1.png\",\"width\":320,\"height\":101,\"caption\":\"LENDO\"},\"image\":{\"@id\":\"https:\\\/\\\/lendo.biz\\\/#\\\/schema\\\/logo\\\/image\\\/\"}}]}<\/script>\n<!-- \/ Yoast SEO plugin. -->","yoast_head_json":{"title":"Listwa bukowa spr\u0119\u017cynuj\u0105ca 995 mm do \u0142\u00f3\u017cka stela\u017ca 5 szt. - LENDO","robots":{"index":"index","follow":"follow","max-snippet":"max-snippet:-1","max-image-preview":"max-image-preview:large","max-video-preview":"max-video-preview:-1"},"canonical":"https:\/\/lendo.biz\/index.php\/produkt\/listwa-bukowa-sprezynujaca-995-mm-do-lozka-stelaza-5-szt\/","og_locale":"pl_PL","og_type":"article","og_title":"Listwa bukowa spr\u0119\u017cynuj\u0105ca 995 mm do \u0142\u00f3\u017cka stela\u017ca 5 szt. - LENDO","og_description":"Listwa bukowa spr\u0119\u017cynuj\u0105ca 995x53x8 Listwa wykonana jest z\u00a0drewna bukowego, dzi\u0119ki czemu jest gwarancj\u0105 wytrzyma\u0142o\u015bci i trwa\u0142o\u015bci. Listwy bukowe s\u0105 du\u017co trwalsze i mocniejsze od popularnych na rynku listew brzozowych. Wi\u0119kszo\u015b\u0107 \u0142\u00f3\u017cek i stela\u017cy sk\u0142ada si\u0119 z odpowiednio dopasowanych element\u00f3w. Do jednych z nich zaliczaj\u0105 si\u0119 listwy spr\u0119\u017cynuj\u0105ce, kt\u00f3re wyr\u00f3\u017cniaj\u0105 si\u0119 najwy\u017csz\u0105 jako\u015bci\u0105. Cz\u0119\u015bci te zosta\u0142y [&hellip;]","og_url":"https:\/\/lendo.biz\/index.php\/produkt\/listwa-bukowa-sprezynujaca-995-mm-do-lozka-stelaza-5-szt\/","og_site_name":"LENDO","article_modified_time":"2026-01-01T16:40:58+00:00","og_image":[{"width":1887,"height":1454,"url":"https:\/\/lendo.biz\/wp-content\/uploads\/2025\/03\/5bc485d0767875013643109849db4455.jpg","type":"image\/jpeg"}],"twitter_card":"summary_large_image","twitter_misc":{"Szacowany czas czytania":"2 minuty"},"schema":{"@context":"https:\/\/schema.org","@graph":[{"@type":"WebPage","@id":"https:\/\/lendo.biz\/index.php\/produkt\/listwa-bukowa-sprezynujaca-995-mm-do-lozka-stelaza-5-szt\/","url":"https:\/\/lendo.biz\/index.php\/produkt\/listwa-bukowa-sprezynujaca-995-mm-do-lozka-stelaza-5-szt\/","name":"Listwa bukowa spr\u0119\u017cynuj\u0105ca 995 mm do \u0142\u00f3\u017cka stela\u017ca 5 szt. - LENDO","isPartOf":{"@id":"https:\/\/lendo.biz\/#website"},"primaryImageOfPage":{"@id":"https:\/\/lendo.biz\/index.php\/produkt\/listwa-bukowa-sprezynujaca-995-mm-do-lozka-stelaza-5-szt\/#primaryimage"},"image":{"@id":"https:\/\/lendo.biz\/index.php\/produkt\/listwa-bukowa-sprezynujaca-995-mm-do-lozka-stelaza-5-szt\/#primaryimage"},"thumbnailUrl":"https:\/\/lendo.biz\/wp-content\/uploads\/2025\/03\/5bc485d0767875013643109849db4455.jpg","datePublished":"2025-03-15T14:17:45+00:00","dateModified":"2026-01-01T16:40:58+00:00","breadcrumb":{"@id":"https:\/\/lendo.biz\/index.php\/produkt\/listwa-bukowa-sprezynujaca-995-mm-do-lozka-stelaza-5-szt\/#breadcrumb"},"inLanguage":"pl-PL","potentialAction":[{"@type":"ReadAction","target":["https:\/\/lendo.biz\/index.php\/produkt\/listwa-bukowa-sprezynujaca-995-mm-do-lozka-stelaza-5-szt\/"]}]},{"@type":"ImageObject","inLanguage":"pl-PL","@id":"https:\/\/lendo.biz\/index.php\/produkt\/listwa-bukowa-sprezynujaca-995-mm-do-lozka-stelaza-5-szt\/#primaryimage","url":"https:\/\/lendo.biz\/wp-content\/uploads\/2025\/03\/5bc485d0767875013643109849db4455.jpg","contentUrl":"https:\/\/lendo.biz\/wp-content\/uploads\/2025\/03\/5bc485d0767875013643109849db4455.jpg","width":1887,"height":1454},{"@type":"BreadcrumbList","@id":"https:\/\/lendo.biz\/index.php\/produkt\/listwa-bukowa-sprezynujaca-995-mm-do-lozka-stelaza-5-szt\/#breadcrumb","itemListElement":[{"@type":"ListItem","position":1,"name":"Strona g\u0142\u00f3wna","item":"https:\/\/lendo.biz\/"},{"@type":"ListItem","position":2,"name":"Sklep","item":"https:\/\/lendo.biz\/index.php\/sklep\/"},{"@type":"ListItem","position":3,"name":"Listwa bukowa spr\u0119\u017cynuj\u0105ca 995 mm do \u0142\u00f3\u017cka stela\u017ca 5 szt."}]},{"@type":"WebSite","@id":"https:\/\/lendo.biz\/#website","url":"https:\/\/lendo.biz\/","name":"LENDO","description":"\u0141\u00f3\u017cka dla dzieci i m\u0142odzie\u017cy - sklep | Producent LENDO","publisher":{"@id":"https:\/\/lendo.biz\/#organization"},"potentialAction":[{"@type":"SearchAction","target":{"@type":"EntryPoint","urlTemplate":"https:\/\/lendo.biz\/?s={search_term_string}"},"query-input":{"@type":"PropertyValueSpecification","valueRequired":true,"valueName":"search_term_string"}}],"inLanguage":"pl-PL"},{"@type":"Organization","@id":"https:\/\/lendo.biz\/#organization","name":"LENDO","url":"https:\/\/lendo.biz\/","logo":{"@type":"ImageObject","inLanguage":"pl-PL","@id":"https:\/\/lendo.biz\/#\/schema\/logo\/image\/","url":"https:\/\/lendo.biz\/wp-content\/uploads\/2020\/03\/cropped-logo-1-e1584310615132-1.png","contentUrl":"https:\/\/lendo.biz\/wp-content\/uploads\/2020\/03\/cropped-logo-1-e1584310615132-1.png","width":320,"height":101,"caption":"LENDO"},"image":{"@id":"https:\/\/lendo.biz\/#\/schema\/logo\/image\/"}}]}},"_links":{"self":[{"href":"https:\/\/lendo.biz\/index.php\/wp-json\/wp\/v2\/product\/4871","targetHints":{"allow":["GET"]}}],"collection":[{"href":"https:\/\/lendo.biz\/index.php\/wp-json\/wp\/v2\/product"}],"about":[{"href":"https:\/\/lendo.biz\/index.php\/wp-json\/wp\/v2\/types\/product"}],"replies":[{"embeddable":true,"href":"https:\/\/lendo.biz\/index.php\/wp-json\/wp\/v2\/comments?post=4871"}],"version-history":[{"count":2,"href":"https:\/\/lendo.biz\/index.php\/wp-json\/wp\/v2\/product\/4871\/revisions"}],"predecessor-version":[{"id":4946,"href":"https:\/\/lendo.biz\/index.php\/wp-json\/wp\/v2\/product\/4871\/revisions\/4946"}],"wp:featuredmedia":[{"embeddable":true,"href":"https:\/\/lendo.biz\/index.php\/wp-json\/wp\/v2\/media\/4867"}],"wp:attachment":[{"href":"https:\/\/lendo.biz\/index.php\/wp-json\/wp\/v2\/media?parent=4871"}],"wp:term":[{"taxonomy":"product_brand","embeddable":true,"href":"https:\/\/lendo.biz\/index.php\/wp-json\/wp\/v2\/product_brand?post=4871"},{"taxonomy":"product_cat","embeddable":true,"href":"https:\/\/lendo.biz\/index.php\/wp-json\/wp\/v2\/product_cat?post=4871"},{"taxonomy":"product_tag","embeddable":true,"href":"https:\/\/lendo.biz\/index.php\/wp-json\/wp\/v2\/product_tag?post=4871"}],"curies":[{"name":"wp","href":"https:\/\/api.w.org\/{rel}","templated":true}]}}