{"id":3960,"date":"2025-03-04T11:53:30","date_gmt":"2025-03-04T10:53:30","guid":{"rendered":"https:\/\/lendo.biz\/index.php\/produkt\/listwa-bukowa-sprezynujaca-795x53x8\/"},"modified":"2026-02-06T16:35:05","modified_gmt":"2026-02-06T15:35:05","slug":"listwa-bukowa-sprezynujaca-795x53x8","status":"publish","type":"product","link":"https:\/\/lendo.biz\/index.php\/produkt\/listwa-bukowa-sprezynujaca-795x53x8\/","title":{"rendered":"Listwa bukowa spr\u0119\u017cynuj\u0105ca 795x53x8"},"content":{"rendered":"<section class=\"section\">\n<div class=\"item item-12\">\n<section class=\"text-item\">\n<h2>Listwa bukowa spr\u0119\u017cynuj\u0105ca 795x53x8<\/h2>\n<\/section><\/div>\n<\/section>\n<section class=\"section\">\n<div class=\"item item-6\">\n<section class=\"text-item\">\n<p>Listwa wykonana jest z\u00a0<b>drewna bukowego<\/b>, dzi\u0119ki czemu jest gwarancj\u0105 wytrzyma\u0142o\u015bci i trwa\u0142o\u015bci. Listwy bukowe s\u0105 du\u017co trwalsze i mocniejsze od popularnych na rynku listew brzozowych.<\/p>\n<\/section><\/div>\n<div class=\"item item-6\">\n<section class=\"image-item\">\n            <img decoding=\"async\" src=\"https:\/\/upload.cdn.baselinker.com\/products\/5004861\/8ebfb73e3e5904ebf045ca24356f5471.jpg\" \/><br \/>\n        <\/section>\n<\/p><\/div>\n<\/section>\n<section class=\"section\">\n<div class=\"item item-6\">\n<section class=\"image-item\">\n            <img decoding=\"async\" src=\"https:\/\/upload.cdn.baselinker.com\/products\/5004861\/0b3f157f22a5b7d56099ae11565ac33c.jpg\" \/><br \/>\n        <\/section>\n<\/p><\/div>\n<div class=\"item item-6\">\n<section class=\"text-item\">\n<p>Wi\u0119kszo\u015b\u0107 \u0142\u00f3\u017cek i stela\u017cy sk\u0142ada si\u0119 z odpowiednio dopasowanych element\u00f3w. Do jednych z nich zaliczaj\u0105 si\u0119 listwy spr\u0119\u017cynuj\u0105ce, kt\u00f3re wyr\u00f3\u017cniaj\u0105 si\u0119 najwy\u017csz\u0105 jako\u015bci\u0105. Cz\u0119\u015bci te zosta\u0142y wykonane z wyselekcjonowanych materia\u0142\u00f3w, dzi\u0119ki czemu nie tylko dobrze wygl\u0105daj\u0105, ale i s\u0105 niezwykle wytrzyma\u0142e.<\/p>\n<p>Listwy spr\u0119\u017cynuj\u0105ce stanowi\u0105 kluczowe elementy konstrukcji \u0142\u00f3\u017cka. Odpowiadaj\u0105 za r\u00f3wnomierne roz\u0142o\u017cenie ci\u0119\u017caru na ca\u0142ej powierzchni, tym samym wp\u0142ywaj\u0105c na zdrowy sen i samopoczucie u\u017cytkownika.\u00a0<\/p>\n<\/section><\/div>\n<\/section>\n<section class=\"section\">\n<div class=\"item item-6\">\n<section class=\"text-item\">\n<p>Listwy spr\u0119\u017cynuj\u0105ce stanowi\u0105 kluczowe elementy konstrukcji \u0142\u00f3\u017cka. Odpowiadaj\u0105 za r\u00f3wnomierne roz\u0142o\u017cenie ci\u0119\u017caru na ca\u0142ej powierzchni, tym samym wp\u0142ywaj\u0105c na zdrowy sen i samopoczucie u\u017cytkownika.\u00a0<\/p>\n<p>Dobrze dopasowane listwy spr\u0119\u017cynuj\u0105ce do \u0142\u00f3\u017cka zapewniaj\u0105 r\u00f3wnie\u017c wentylacj\u0119 materac\u00f3w. To z kolei wyd\u0142u\u017ca ich \u017cywotno\u015b\u0107 oraz zapobiega rozwojowi roztoczy i bakterii.\u00a0<\/p>\n<\/section><\/div>\n<div class=\"item item-6\">\n<section class=\"image-item\">\n            <img decoding=\"async\" src=\"https:\/\/upload.cdn.baselinker.com\/products\/5004861\/57cf72914a00f5268b21e758bdbcc943.jpg\" \/><br \/>\n        <\/section>\n<\/p><\/div>\n<\/section>\n<section class=\"section\">\n<div class=\"item item-6\">\n<section class=\"text-item\">\n<h1>Wymiar listwy:<\/h1>\n<ul>\n<li>szeroko\u015b\u0107: 53 mm<\/li>\n<li>grubo\u015b\u0107: 8 mm<\/li>\n<li>d\u0142ugo\u015b\u0107: 795 mm<\/li>\n<\/ul>\n<p>Jest przeznaczona do \u0142\u00f3\u017cka \/ stela\u017ca o szeroko\u015bci 80 cm.<\/p>\n<\/section><\/div>\n<div class=\"item item-6\">\n<section class=\"image-item\">\n            <img decoding=\"async\" src=\"https:\/\/upload.cdn.baselinker.com\/products\/5004861\/bf8402bbd3d499c531d4f67fc208fe6b.jpg\" \/><br \/>\n        <\/section>\n<\/p><\/div>\n<\/section>\n<section class=\"section\">\n<div class=\"item item-12\">\n<section class=\"text-item\">\n<p>Zainwestuj w solidno\u015b\u0107 i estetyk\u0119. Wybierz listw\u0119 bukow\u0105, kt\u00f3ra nie tylko spe\u0142nia swoje funkcje, ale tak\u017ce dodaje wyrafinowania Twoim meblom.<\/p>\n<\/section><\/div>\n<\/section>\n","protected":false},"excerpt":{"rendered":"<p>W naszej ofercie mo\u017cna znale\u017a\u0107 pojedyncze listwy spr\u0119\u017cynuj\u0105ce do \u0142\u00f3\u017cka dost\u0119pne w trzech wymiarach \u2013 695x53x8, 895x53x8 oraz 995x53x8, a tak\u017ce gotowe stela\u017ce w r\u00f3\u017cnych wymiarach i plastikowe uchwyty do kompletu zapobiegaj\u0105ce skrzypieniu.<\/p>\n","protected":false},"featured_media":4826,"comment_status":"open","ping_status":"closed","template":"","meta":[],"product_brand":[],"product_cat":[24],"product_tag":[],"class_list":{"0":"post-3960","1":"product","2":"type-product","3":"status-publish","4":"has-post-thumbnail","6":"product_cat-stelaze","7":"product_shipping_class-listwa-1-sztuka","9":"first","10":"instock","11":"taxable","12":"shipping-taxable","13":"purchasable","14":"product-type-simple"},"yoast_head":"<!-- This site is optimized with the Yoast SEO plugin v27.5 - https:\/\/yoast.com\/product\/yoast-seo-wordpress\/ -->\n<title>Listwa bukowa spr\u0119\u017cynuj\u0105ca 795x53x8 - LENDO<\/title>\n<meta name=\"robots\" content=\"index, follow, max-snippet:-1, max-image-preview:large, max-video-preview:-1\" \/>\n<link rel=\"canonical\" href=\"https:\/\/lendo.biz\/index.php\/produkt\/listwa-bukowa-sprezynujaca-795x53x8\/\" \/>\n<meta property=\"og:locale\" content=\"pl_PL\" \/>\n<meta property=\"og:type\" content=\"article\" \/>\n<meta property=\"og:title\" content=\"Listwa bukowa spr\u0119\u017cynuj\u0105ca 795x53x8 - LENDO\" \/>\n<meta property=\"og:description\" content=\"W naszej ofercie mo\u017cna znale\u017a\u0107 pojedyncze listwy spr\u0119\u017cynuj\u0105ce do \u0142\u00f3\u017cka dost\u0119pne w trzech wymiarach \u2013 695x53x8, 895x53x8 oraz 995x53x8, a tak\u017ce gotowe stela\u017ce w r\u00f3\u017cnych wymiarach i plastikowe uchwyty do kompletu zapobiegaj\u0105ce skrzypieniu.\" \/>\n<meta property=\"og:url\" content=\"https:\/\/lendo.biz\/index.php\/produkt\/listwa-bukowa-sprezynujaca-795x53x8\/\" \/>\n<meta property=\"og:site_name\" content=\"LENDO\" \/>\n<meta property=\"article:modified_time\" content=\"2026-02-06T15:35:05+00:00\" \/>\n<meta property=\"og:image\" content=\"https:\/\/lendo.biz\/wp-content\/uploads\/2025\/03\/857ad4c3ece185e01adebd8fb740c705-1.jpg\" \/>\n\t<meta property=\"og:image:width\" content=\"1145\" \/>\n\t<meta property=\"og:image:height\" content=\"598\" \/>\n\t<meta property=\"og:image:type\" content=\"image\/jpeg\" \/>\n<meta name=\"twitter:card\" content=\"summary_large_image\" \/>\n<meta name=\"twitter:label1\" content=\"Szacowany czas czytania\" \/>\n\t<meta name=\"twitter:data1\" content=\"1 minuta\" \/>\n<script type=\"application\/ld+json\" class=\"yoast-schema-graph\">{\"@context\":\"https:\\\/\\\/schema.org\",\"@graph\":[{\"@type\":\"WebPage\",\"@id\":\"https:\\\/\\\/lendo.biz\\\/index.php\\\/produkt\\\/listwa-bukowa-sprezynujaca-795x53x8\\\/\",\"url\":\"https:\\\/\\\/lendo.biz\\\/index.php\\\/produkt\\\/listwa-bukowa-sprezynujaca-795x53x8\\\/\",\"name\":\"Listwa bukowa spr\u0119\u017cynuj\u0105ca 795x53x8 - LENDO\",\"isPartOf\":{\"@id\":\"https:\\\/\\\/lendo.biz\\\/#website\"},\"primaryImageOfPage\":{\"@id\":\"https:\\\/\\\/lendo.biz\\\/index.php\\\/produkt\\\/listwa-bukowa-sprezynujaca-795x53x8\\\/#primaryimage\"},\"image\":{\"@id\":\"https:\\\/\\\/lendo.biz\\\/index.php\\\/produkt\\\/listwa-bukowa-sprezynujaca-795x53x8\\\/#primaryimage\"},\"thumbnailUrl\":\"https:\\\/\\\/lendo.biz\\\/wp-content\\\/uploads\\\/2025\\\/03\\\/857ad4c3ece185e01adebd8fb740c705-1.jpg\",\"datePublished\":\"2025-03-04T10:53:30+00:00\",\"dateModified\":\"2026-02-06T15:35:05+00:00\",\"breadcrumb\":{\"@id\":\"https:\\\/\\\/lendo.biz\\\/index.php\\\/produkt\\\/listwa-bukowa-sprezynujaca-795x53x8\\\/#breadcrumb\"},\"inLanguage\":\"pl-PL\",\"potentialAction\":[{\"@type\":\"ReadAction\",\"target\":[\"https:\\\/\\\/lendo.biz\\\/index.php\\\/produkt\\\/listwa-bukowa-sprezynujaca-795x53x8\\\/\"]}]},{\"@type\":\"ImageObject\",\"inLanguage\":\"pl-PL\",\"@id\":\"https:\\\/\\\/lendo.biz\\\/index.php\\\/produkt\\\/listwa-bukowa-sprezynujaca-795x53x8\\\/#primaryimage\",\"url\":\"https:\\\/\\\/lendo.biz\\\/wp-content\\\/uploads\\\/2025\\\/03\\\/857ad4c3ece185e01adebd8fb740c705-1.jpg\",\"contentUrl\":\"https:\\\/\\\/lendo.biz\\\/wp-content\\\/uploads\\\/2025\\\/03\\\/857ad4c3ece185e01adebd8fb740c705-1.jpg\",\"width\":1145,\"height\":598},{\"@type\":\"BreadcrumbList\",\"@id\":\"https:\\\/\\\/lendo.biz\\\/index.php\\\/produkt\\\/listwa-bukowa-sprezynujaca-795x53x8\\\/#breadcrumb\",\"itemListElement\":[{\"@type\":\"ListItem\",\"position\":1,\"name\":\"Strona g\u0142\u00f3wna\",\"item\":\"https:\\\/\\\/lendo.biz\\\/\"},{\"@type\":\"ListItem\",\"position\":2,\"name\":\"Sklep\",\"item\":\"https:\\\/\\\/lendo.biz\\\/index.php\\\/sklep\\\/\"},{\"@type\":\"ListItem\",\"position\":3,\"name\":\"Listwa bukowa spr\u0119\u017cynuj\u0105ca 795x53x8\"}]},{\"@type\":\"WebSite\",\"@id\":\"https:\\\/\\\/lendo.biz\\\/#website\",\"url\":\"https:\\\/\\\/lendo.biz\\\/\",\"name\":\"LENDO\",\"description\":\"\u0141\u00f3\u017cka dla dzieci i m\u0142odzie\u017cy - sklep | Producent LENDO\",\"publisher\":{\"@id\":\"https:\\\/\\\/lendo.biz\\\/#organization\"},\"potentialAction\":[{\"@type\":\"SearchAction\",\"target\":{\"@type\":\"EntryPoint\",\"urlTemplate\":\"https:\\\/\\\/lendo.biz\\\/?s={search_term_string}\"},\"query-input\":{\"@type\":\"PropertyValueSpecification\",\"valueRequired\":true,\"valueName\":\"search_term_string\"}}],\"inLanguage\":\"pl-PL\"},{\"@type\":\"Organization\",\"@id\":\"https:\\\/\\\/lendo.biz\\\/#organization\",\"name\":\"LENDO\",\"url\":\"https:\\\/\\\/lendo.biz\\\/\",\"logo\":{\"@type\":\"ImageObject\",\"inLanguage\":\"pl-PL\",\"@id\":\"https:\\\/\\\/lendo.biz\\\/#\\\/schema\\\/logo\\\/image\\\/\",\"url\":\"https:\\\/\\\/lendo.biz\\\/wp-content\\\/uploads\\\/2020\\\/03\\\/cropped-logo-1-e1584310615132-1.png\",\"contentUrl\":\"https:\\\/\\\/lendo.biz\\\/wp-content\\\/uploads\\\/2020\\\/03\\\/cropped-logo-1-e1584310615132-1.png\",\"width\":320,\"height\":101,\"caption\":\"LENDO\"},\"image\":{\"@id\":\"https:\\\/\\\/lendo.biz\\\/#\\\/schema\\\/logo\\\/image\\\/\"}}]}<\/script>\n<!-- \/ Yoast SEO plugin. -->","yoast_head_json":{"title":"Listwa bukowa spr\u0119\u017cynuj\u0105ca 795x53x8 - LENDO","robots":{"index":"index","follow":"follow","max-snippet":"max-snippet:-1","max-image-preview":"max-image-preview:large","max-video-preview":"max-video-preview:-1"},"canonical":"https:\/\/lendo.biz\/index.php\/produkt\/listwa-bukowa-sprezynujaca-795x53x8\/","og_locale":"pl_PL","og_type":"article","og_title":"Listwa bukowa spr\u0119\u017cynuj\u0105ca 795x53x8 - LENDO","og_description":"W naszej ofercie mo\u017cna znale\u017a\u0107 pojedyncze listwy spr\u0119\u017cynuj\u0105ce do \u0142\u00f3\u017cka dost\u0119pne w trzech wymiarach \u2013 695x53x8, 895x53x8 oraz 995x53x8, a tak\u017ce gotowe stela\u017ce w r\u00f3\u017cnych wymiarach i plastikowe uchwyty do kompletu zapobiegaj\u0105ce skrzypieniu.","og_url":"https:\/\/lendo.biz\/index.php\/produkt\/listwa-bukowa-sprezynujaca-795x53x8\/","og_site_name":"LENDO","article_modified_time":"2026-02-06T15:35:05+00:00","og_image":[{"width":1145,"height":598,"url":"https:\/\/lendo.biz\/wp-content\/uploads\/2025\/03\/857ad4c3ece185e01adebd8fb740c705-1.jpg","type":"image\/jpeg"}],"twitter_card":"summary_large_image","twitter_misc":{"Szacowany czas czytania":"1 minuta"},"schema":{"@context":"https:\/\/schema.org","@graph":[{"@type":"WebPage","@id":"https:\/\/lendo.biz\/index.php\/produkt\/listwa-bukowa-sprezynujaca-795x53x8\/","url":"https:\/\/lendo.biz\/index.php\/produkt\/listwa-bukowa-sprezynujaca-795x53x8\/","name":"Listwa bukowa spr\u0119\u017cynuj\u0105ca 795x53x8 - LENDO","isPartOf":{"@id":"https:\/\/lendo.biz\/#website"},"primaryImageOfPage":{"@id":"https:\/\/lendo.biz\/index.php\/produkt\/listwa-bukowa-sprezynujaca-795x53x8\/#primaryimage"},"image":{"@id":"https:\/\/lendo.biz\/index.php\/produkt\/listwa-bukowa-sprezynujaca-795x53x8\/#primaryimage"},"thumbnailUrl":"https:\/\/lendo.biz\/wp-content\/uploads\/2025\/03\/857ad4c3ece185e01adebd8fb740c705-1.jpg","datePublished":"2025-03-04T10:53:30+00:00","dateModified":"2026-02-06T15:35:05+00:00","breadcrumb":{"@id":"https:\/\/lendo.biz\/index.php\/produkt\/listwa-bukowa-sprezynujaca-795x53x8\/#breadcrumb"},"inLanguage":"pl-PL","potentialAction":[{"@type":"ReadAction","target":["https:\/\/lendo.biz\/index.php\/produkt\/listwa-bukowa-sprezynujaca-795x53x8\/"]}]},{"@type":"ImageObject","inLanguage":"pl-PL","@id":"https:\/\/lendo.biz\/index.php\/produkt\/listwa-bukowa-sprezynujaca-795x53x8\/#primaryimage","url":"https:\/\/lendo.biz\/wp-content\/uploads\/2025\/03\/857ad4c3ece185e01adebd8fb740c705-1.jpg","contentUrl":"https:\/\/lendo.biz\/wp-content\/uploads\/2025\/03\/857ad4c3ece185e01adebd8fb740c705-1.jpg","width":1145,"height":598},{"@type":"BreadcrumbList","@id":"https:\/\/lendo.biz\/index.php\/produkt\/listwa-bukowa-sprezynujaca-795x53x8\/#breadcrumb","itemListElement":[{"@type":"ListItem","position":1,"name":"Strona g\u0142\u00f3wna","item":"https:\/\/lendo.biz\/"},{"@type":"ListItem","position":2,"name":"Sklep","item":"https:\/\/lendo.biz\/index.php\/sklep\/"},{"@type":"ListItem","position":3,"name":"Listwa bukowa spr\u0119\u017cynuj\u0105ca 795x53x8"}]},{"@type":"WebSite","@id":"https:\/\/lendo.biz\/#website","url":"https:\/\/lendo.biz\/","name":"LENDO","description":"\u0141\u00f3\u017cka dla dzieci i m\u0142odzie\u017cy - sklep | Producent LENDO","publisher":{"@id":"https:\/\/lendo.biz\/#organization"},"potentialAction":[{"@type":"SearchAction","target":{"@type":"EntryPoint","urlTemplate":"https:\/\/lendo.biz\/?s={search_term_string}"},"query-input":{"@type":"PropertyValueSpecification","valueRequired":true,"valueName":"search_term_string"}}],"inLanguage":"pl-PL"},{"@type":"Organization","@id":"https:\/\/lendo.biz\/#organization","name":"LENDO","url":"https:\/\/lendo.biz\/","logo":{"@type":"ImageObject","inLanguage":"pl-PL","@id":"https:\/\/lendo.biz\/#\/schema\/logo\/image\/","url":"https:\/\/lendo.biz\/wp-content\/uploads\/2020\/03\/cropped-logo-1-e1584310615132-1.png","contentUrl":"https:\/\/lendo.biz\/wp-content\/uploads\/2020\/03\/cropped-logo-1-e1584310615132-1.png","width":320,"height":101,"caption":"LENDO"},"image":{"@id":"https:\/\/lendo.biz\/#\/schema\/logo\/image\/"}}]}},"_links":{"self":[{"href":"https:\/\/lendo.biz\/index.php\/wp-json\/wp\/v2\/product\/3960","targetHints":{"allow":["GET"]}}],"collection":[{"href":"https:\/\/lendo.biz\/index.php\/wp-json\/wp\/v2\/product"}],"about":[{"href":"https:\/\/lendo.biz\/index.php\/wp-json\/wp\/v2\/types\/product"}],"replies":[{"embeddable":true,"href":"https:\/\/lendo.biz\/index.php\/wp-json\/wp\/v2\/comments?post=3960"}],"version-history":[{"count":2,"href":"https:\/\/lendo.biz\/index.php\/wp-json\/wp\/v2\/product\/3960\/revisions"}],"predecessor-version":[{"id":4831,"href":"https:\/\/lendo.biz\/index.php\/wp-json\/wp\/v2\/product\/3960\/revisions\/4831"}],"wp:featuredmedia":[{"embeddable":true,"href":"https:\/\/lendo.biz\/index.php\/wp-json\/wp\/v2\/media\/4826"}],"wp:attachment":[{"href":"https:\/\/lendo.biz\/index.php\/wp-json\/wp\/v2\/media?parent=3960"}],"wp:term":[{"taxonomy":"product_brand","embeddable":true,"href":"https:\/\/lendo.biz\/index.php\/wp-json\/wp\/v2\/product_brand?post=3960"},{"taxonomy":"product_cat","embeddable":true,"href":"https:\/\/lendo.biz\/index.php\/wp-json\/wp\/v2\/product_cat?post=3960"},{"taxonomy":"product_tag","embeddable":true,"href":"https:\/\/lendo.biz\/index.php\/wp-json\/wp\/v2\/product_tag?post=3960"}],"curies":[{"name":"wp","href":"https:\/\/api.w.org\/{rel}","templated":true}]}}