{"id":3061,"date":"2025-01-22T16:29:47","date_gmt":"2025-01-22T15:29:47","guid":{"rendered":"https:\/\/lendo.biz\/index.php\/produkt\/nasadka-srodkowa-listwy-sprezynujacej-do-ramy-metalowej-10-szt\/"},"modified":"2025-05-11T18:58:46","modified_gmt":"2025-05-11T16:58:46","slug":"nasadka-srodkowa-listwy-sprezynujacej-do-ramy-metalowej-10-szt","status":"publish","type":"product","link":"https:\/\/lendo.biz\/index.php\/produkt\/nasadka-srodkowa-listwy-sprezynujacej-do-ramy-metalowej-10-szt\/","title":{"rendered":"Nasadka \u015brodkowa listwy spr\u0119\u017cynuj\u0105cej do ramy metalowej 10 szt."},"content":{"rendered":"<section class=\"section\">\n<div class=\"item item-6\">\n<section class=\"text-item\">\n<h1>Uchwyt \u015brodkowy listwy spr\u0119\u017cynuj\u0105cej:<\/h1>\n<ul>\n<li>zapobiega skrzypieniu stela\u017ca,<\/li>\n<li>do listew o szeroko\u015bci do 55 mm i wysoko\u015bci 10 mm (pasuje do standardowych listew o wymiarach 53 x 8 mm),<\/li>\n<li>wykonany z wytrzyma\u0142ego tworzywa sztucznego,<\/li>\n<li>przeznaczony do ramy metalowej,<\/li>\n<li>produkt polski.<\/li>\n<\/ul>\n<\/section><\/div>\n<div class=\"item item-6\">\n<section class=\"image-item\">\n            <img decoding=\"async\" src=\"https:\/\/upload.cdn.baselinker.com\/products\/5004861\/190a30b837031b7085a814ef07395555.jpg\" \/><br \/>\n        <\/section>\n<\/p><\/div>\n<\/section>\n<section class=\"section\">\n<div class=\"item item-12\">\n<section class=\"text-item\">\n<h1>Wymiar uchwytu:<\/h1>\n<\/section><\/div>\n<\/section>\n<section class=\"section\">\n<div class=\"item item-6\">\n<section class=\"image-item\">\n            <img decoding=\"async\" src=\"https:\/\/upload.cdn.baselinker.com\/products\/5004861\/e5ebbb10e09353d293f9485a0a190610.png\" \/><br \/>\n        <\/section>\n<\/p><\/div>\n<div class=\"item item-6\">\n<section class=\"text-item\">\n<p>Uchwyt przeznaczony jest do ram metalowych o nast\u0119puj\u0105cej specyfikacji:<\/p>\n<ul>\n<li>\u015arednica otwor\u00f3w: <b>9,8 mm<\/b><\/li>\n<li>Rozstaw otwor\u00f3w: <b>36 mm<\/b><\/li>\n<\/ul>\n<\/section><\/div>\n<\/section>\n<section class=\"section\">\n<div class=\"item item-12\">\n<section class=\"text-item\">\n<h2>Aukcja dotyczy zakupu 10 sztuk uchwyt\u00f3w.<\/h2>\n<\/section><\/div>\n<\/section>\n<section class=\"section\">\n<div class=\"item item-6\">\n<section class=\"image-item\">\n            <img decoding=\"async\" src=\"https:\/\/upload.cdn.baselinker.com\/products\/5004861\/ec8881435901d609b5541bb23766307c.jpg\" \/><br \/>\n        <\/section>\n<\/p><\/div>\n<div class=\"item item-6\">\n<section class=\"image-item\">\n            <img decoding=\"async\" src=\"https:\/\/upload.cdn.baselinker.com\/products\/5004861\/8a1ebf00656ec08e62d3e4f7731b24e9.jpg\" \/><br \/>\n        <\/section>\n<\/p><\/div>\n<\/section>\n<section class=\"section\">\n<div class=\"item item-6\">\n<section class=\"image-item\">\n            <img decoding=\"async\" src=\"https:\/\/upload.cdn.baselinker.com\/products\/5004861\/a374b1a0835cbef36f042381f7ad7519.jpg\" \/><br \/>\n        <\/section>\n<\/p><\/div>\n<div class=\"item item-6\">\n<section class=\"image-item\">\n            <img decoding=\"async\" src=\"https:\/\/upload.cdn.baselinker.com\/products\/5004861\/4dcddb5e7752991b7839f117e2ffa108.jpg\" \/><br \/>\n        <\/section>\n<\/p><\/div>\n<\/section>\n<section class=\"section\">\n<div class=\"item item-6\">\n<section class=\"text-item\">\n<p>Na innych naszych aukcjach znajduj\u0105 si\u0119:<\/p>\n<ul>\n<li>zestawy uchwyt\u00f3w do ram drewnianych,<\/li>\n<li>listwy spr\u0119\u017cynuj\u0105ce,<\/li>\n<li>ta\u015bma mocuj\u0105c\u0105 o du\u017cej wytrzyma\u0142o\u015bci gwarantuj\u0105ca r\u00f3wnomierne i trwa\u0142e roz\u0142o\u017cenie listew na ramie \u0142\u00f3\u017cka,<\/li>\n<li>stela\u017ce w r\u00f3\u017cnych rozmiarach,<\/li>\n<li>\u0142\u00f3\u017cka dla dzieci.<\/li>\n<\/ul>\n<\/section><\/div>\n<div class=\"item item-6\">\n<section class=\"image-item\">\n            <img decoding=\"async\" src=\"https:\/\/upload.cdn.baselinker.com\/products\/5004861\/8dc42a0b41be6b0304ca048a00e4bd65.jpg\" \/><br \/>\n        <\/section>\n<\/p><\/div>\n<\/section>\n","protected":false},"excerpt":{"rendered":"<p>Uchwyt \u015brodkowy listwy spr\u0119\u017cynuj\u0105cej: zapobiega skrzypieniu stela\u017ca, do listew o szeroko\u015bci do 55 mm i wysoko\u015bci 10 mm (pasuje do standardowych listew o wymiarach 53 x 8 mm), wykonany z wytrzyma\u0142ego tworzywa sztucznego, przeznaczony do ramy metalowej, produkt polski. Wymiar uchwytu: Uchwyt przeznaczony jest do ram metalowych o nast\u0119puj\u0105cej specyfikacji: \u015arednica otwor\u00f3w: 9,8 mm Rozstaw [&hellip;]<\/p>\n","protected":false},"featured_media":3054,"comment_status":"open","ping_status":"closed","template":"","meta":[],"product_brand":[],"product_cat":[24],"product_tag":[],"class_list":{"0":"post-3061","1":"product","2":"type-product","3":"status-publish","4":"has-post-thumbnail","6":"product_cat-stelaze","7":"product_shipping_class-paczkomat","9":"first","10":"instock","11":"taxable","12":"shipping-taxable","13":"purchasable","14":"product-type-simple"},"_links":{"self":[{"href":"https:\/\/lendo.biz\/index.php\/wp-json\/wp\/v2\/product\/3061","targetHints":{"allow":["GET"]}}],"collection":[{"href":"https:\/\/lendo.biz\/index.php\/wp-json\/wp\/v2\/product"}],"about":[{"href":"https:\/\/lendo.biz\/index.php\/wp-json\/wp\/v2\/types\/product"}],"replies":[{"embeddable":true,"href":"https:\/\/lendo.biz\/index.php\/wp-json\/wp\/v2\/comments?post=3061"}],"version-history":[{"count":1,"href":"https:\/\/lendo.biz\/index.php\/wp-json\/wp\/v2\/product\/3061\/revisions"}],"predecessor-version":[{"id":3364,"href":"https:\/\/lendo.biz\/index.php\/wp-json\/wp\/v2\/product\/3061\/revisions\/3364"}],"wp:featuredmedia":[{"embeddable":true,"href":"https:\/\/lendo.biz\/index.php\/wp-json\/wp\/v2\/media\/3054"}],"wp:attachment":[{"href":"https:\/\/lendo.biz\/index.php\/wp-json\/wp\/v2\/media?parent=3061"}],"wp:term":[{"taxonomy":"product_brand","embeddable":true,"href":"https:\/\/lendo.biz\/index.php\/wp-json\/wp\/v2\/product_brand?post=3061"},{"taxonomy":"product_cat","embeddable":true,"href":"https:\/\/lendo.biz\/index.php\/wp-json\/wp\/v2\/product_cat?post=3061"},{"taxonomy":"product_tag","embeddable":true,"href":"https:\/\/lendo.biz\/index.php\/wp-json\/wp\/v2\/product_tag?post=3061"}],"curies":[{"name":"wp","href":"https:\/\/api.w.org\/{rel}","templated":true}]}}