{"id":2900,"date":"2025-01-21T10:39:24","date_gmt":"2025-01-21T09:39:24","guid":{"rendered":"https:\/\/lendo.biz\/index.php\/produkt\/listwa-bukowa-sprezynujaca-895-mm-do-lozka-stelaza-5-szt\/"},"modified":"2026-01-01T17:40:56","modified_gmt":"2026-01-01T16:40:56","slug":"listwa-bukowa-sprezynujaca-895-mm-do-lozka-stelaza-5-szt","status":"publish","type":"product","link":"https:\/\/lendo.biz\/index.php\/produkt\/listwa-bukowa-sprezynujaca-895-mm-do-lozka-stelaza-5-szt\/","title":{"rendered":"Listwa bukowa spr\u0119\u017cynuj\u0105ca 895 mm do \u0142\u00f3\u017cka stela\u017ca 5 szt."},"content":{"rendered":"<section class=\"section\">\n<div class=\"item item-6\">\n<section class=\"text-item\">\n<h1>Listwa spr\u0119\u017cynuj\u0105ca FLEX:<\/h1>\n<ul>\n<li>Listwa bukowa wyprofilowana w lekki \u0142uk zwi\u0119kszaj\u0105cy komfort i spr\u0119\u017cysto\u015b\u0107 materaca.<\/li>\n<li>Dwustronnie \u017cywicowana.<\/li>\n<\/ul>\n<\/section>\n<\/div>\n<div class=\"item item-6\">\n<section class=\"image-item\"><img decoding=\"async\" src=\"https:\/\/upload.cdn.baselinker.com\/products\/5004861\/4882cd2387d1e9440608774d011b6f12.jpg\" \/><\/section>\n<\/div>\n<\/section>\n<section class=\"section\">\n<div class=\"item item-6\">\n<section class=\"text-item\">\n<h1>Wymiar listwy:<\/h1>\n<ul>\n<li>szeroko\u015b\u0107: 53 mm<\/li>\n<li>grubo\u015b\u0107: 8 mm<\/li>\n<li>d\u0142ugo\u015b\u0107: 895 mm<\/li>\n<\/ul>\n<p>Jest przeznaczona do \u0142\u00f3\u017cka \/ stela\u017ca o szeroko\u015bci 90 cm.<\/p>\n<\/section>\n<\/div>\n<div class=\"item item-6\">\n<section class=\"image-item\"><img decoding=\"async\" src=\"https:\/\/upload.cdn.baselinker.com\/products\/5004861\/c58b0e65e3e0639542d6204d36eb9bf6.jpg\" \/><\/section>\n<\/div>\n<\/section>\n<section class=\"section\">\n<div class=\"item item-12\">\n<section class=\"text-item\"><b>Aukcja dotyczy zakupu 5 sztuk listew.<\/b><\/p>\n<\/section>\n<\/div>\n<\/section>\n<section class=\"section\">\n<div class=\"item item-6\">\n<section class=\"image-item\"><img decoding=\"async\" src=\"https:\/\/upload.cdn.baselinker.com\/products\/5004861\/516b913d695aadf94d8273c710974cef.jpg\" \/><\/section>\n<\/div>\n<div class=\"item item-6\">\n<section class=\"text-item\"><b>Na Pa\u0144stwa \u017cyczenie skr\u00f3cimy listwy na dowolnie podany wymiar.<\/b><\/p>\n<p>Us\u0142uga ci\u0119cia dost\u0119pna jest na osobnej aukcji.<\/p>\n<p>Aby skorzysta\u0107 z takiej opcji nale\u017cy doda\u0107 do koszyka potrzebn\u0105 ilo\u015b\u0107 listew plus us\u0142ug\u0119\u00a0skr\u00f3cenia listew spr\u0119\u017cystych. Nast\u0119pnie w wiadomo\u015bci do sprzedawcy poda\u0107 potrzebn\u0105 d\u0142ugo\u015b\u0107 listew.<\/p>\n<\/section>\n<\/div>\n<\/section>\n<section class=\"section\">\n<div class=\"item item-6\">\n<section class=\"text-item\">Na innych naszych aukcjach znajduj\u0105 si\u0119:<\/p>\n<ul>\n<li>zestawy 3 szt. i 10 szt. listew,<\/li>\n<li>ta\u015bma mocuj\u0105c\u0105 o du\u017cej wytrzyma\u0142o\u015bci gwarantuj\u0105ca r\u00f3wnomierne i trwa\u0142e roz\u0142o\u017cenie listew na ramie \u0142\u00f3\u017cka,<\/li>\n<li>nak\u0142adki z tworzywa sztucznego na listwy zapobiegaj\u0105ce skrzypieniu,<\/li>\n<li>stela\u017ce w r\u00f3\u017cnych rozmiarach.<\/li>\n<\/ul>\n<\/section>\n<\/div>\n<div class=\"item item-6\">\n<section class=\"image-item\"><img decoding=\"async\" src=\"https:\/\/upload.cdn.baselinker.com\/products\/5004861\/0893e22d339bb7876480756c86add2e3.jpg\" \/><\/section>\n<\/div>\n<\/section>\n","protected":false},"excerpt":{"rendered":"<p>Listwa spr\u0119\u017cynuj\u0105ca FLEX: Listwa bukowa wyprofilowana w lekki \u0142uk zwi\u0119kszaj\u0105cy komfort i spr\u0119\u017cysto\u015b\u0107 materaca. Dwustronnie \u017cywicowana. Wymiar listwy: szeroko\u015b\u0107: 53 mm grubo\u015b\u0107: 8 mm d\u0142ugo\u015b\u0107: 895 mm Jest przeznaczona do \u0142\u00f3\u017cka \/ stela\u017ca o szeroko\u015bci 90 cm. Aukcja dotyczy zakupu 5 sztuk listew. Na Pa\u0144stwa \u017cyczenie skr\u00f3cimy listwy na dowolnie podany wymiar. Us\u0142uga ci\u0119cia dost\u0119pna [&hellip;]<\/p>\n","protected":false},"featured_media":2896,"comment_status":"open","ping_status":"closed","template":"","meta":[],"product_brand":[],"product_cat":[24],"product_tag":[],"class_list":{"0":"post-2900","1":"product","2":"type-product","3":"status-publish","4":"has-post-thumbnail","6":"product_cat-stelaze","7":"product_shipping_class-listwy-3-5-szt","9":"first","10":"instock","11":"taxable","12":"shipping-taxable","13":"purchasable","14":"product-type-simple"},"_links":{"self":[{"href":"https:\/\/lendo.biz\/index.php\/wp-json\/wp\/v2\/product\/2900","targetHints":{"allow":["GET"]}}],"collection":[{"href":"https:\/\/lendo.biz\/index.php\/wp-json\/wp\/v2\/product"}],"about":[{"href":"https:\/\/lendo.biz\/index.php\/wp-json\/wp\/v2\/types\/product"}],"replies":[{"embeddable":true,"href":"https:\/\/lendo.biz\/index.php\/wp-json\/wp\/v2\/comments?post=2900"}],"version-history":[{"count":2,"href":"https:\/\/lendo.biz\/index.php\/wp-json\/wp\/v2\/product\/2900\/revisions"}],"predecessor-version":[{"id":3033,"href":"https:\/\/lendo.biz\/index.php\/wp-json\/wp\/v2\/product\/2900\/revisions\/3033"}],"wp:featuredmedia":[{"embeddable":true,"href":"https:\/\/lendo.biz\/index.php\/wp-json\/wp\/v2\/media\/2896"}],"wp:attachment":[{"href":"https:\/\/lendo.biz\/index.php\/wp-json\/wp\/v2\/media?parent=2900"}],"wp:term":[{"taxonomy":"product_brand","embeddable":true,"href":"https:\/\/lendo.biz\/index.php\/wp-json\/wp\/v2\/product_brand?post=2900"},{"taxonomy":"product_cat","embeddable":true,"href":"https:\/\/lendo.biz\/index.php\/wp-json\/wp\/v2\/product_cat?post=2900"},{"taxonomy":"product_tag","embeddable":true,"href":"https:\/\/lendo.biz\/index.php\/wp-json\/wp\/v2\/product_tag?post=2900"}],"curies":[{"name":"wp","href":"https:\/\/api.w.org\/{rel}","templated":true}]}}