{"id":2875,"date":"2025-01-21T10:39:01","date_gmt":"2025-01-21T09:39:01","guid":{"rendered":"https:\/\/lendo.biz\/index.php\/produkt\/listwa-bukowa-sprezynujaca-695-mm-do-lozka-stelaza-3-szt\/"},"modified":"2026-01-01T17:20:00","modified_gmt":"2026-01-01T16:20:00","slug":"listwa-bukowa-sprezynujaca-695-mm-do-lozka-stelaza-3-szt","status":"publish","type":"product","link":"https:\/\/lendo.biz\/index.php\/produkt\/listwa-bukowa-sprezynujaca-695-mm-do-lozka-stelaza-3-szt\/","title":{"rendered":"Listwa bukowa spr\u0119\u017cynuj\u0105ca 695 mm do \u0142\u00f3\u017cka stela\u017ca 3 szt."},"content":{"rendered":"<section class=\"section\">\n<div class=\"item item-6\">\n<section class=\"text-item\">\n<h1>Listwa spr\u0119\u017cynuj\u0105ca FLEX:<\/h1>\n<ul>\n<li>Listwa bukowa wyprofilowana w lekki \u0142uk zwi\u0119kszaj\u0105cy komfort i spr\u0119\u017cysto\u015b\u0107 materaca.<\/li>\n<li>Dwustronnie \u017cywicowana.<\/li>\n<\/ul>\n<\/section>\n<\/div>\n<div class=\"item item-6\">\n<section class=\"image-item\"><img \/><\/section>\n<\/div>\n<\/section>\n<section class=\"section\">\n<div class=\"item item-6\">\n<section class=\"text-item\">\n<h1>Wymiar listwy:<\/h1>\n<ul>\n<li>szeroko\u015b\u0107: 53 mm<\/li>\n<li>grubo\u015b\u0107: 8 mm<\/li>\n<li>d\u0142ugo\u015b\u0107: 695 mm<\/li>\n<\/ul>\n<p>Jest przeznaczona do \u0142\u00f3\u017cka \/ stela\u017ca o szeroko\u015bci 70 cm.<\/p>\n<\/section>\n<\/div>\n<div class=\"item item-6\">\n<section class=\"image-item\"><img \/><\/section>\n<\/div>\n<\/section>\n<section class=\"section\">\n<div class=\"item item-12\">\n<section class=\"text-item\"><b>Aukcja dotyczy zakupu 3 sztuk listew.<\/b><\/p>\n<\/section>\n<\/div>\n<\/section>\n<section class=\"section\">\n<div class=\"item item-6\">\n<section class=\"text-item\">Na innych naszych aukcjach znajduj\u0105 si\u0119:<\/p>\n<ul>\n<li>zestawy 5 szt. i 10 szt. listew,<\/li>\n<li>listwy o r\u00f3\u017cnych d\u0142ugo\u015bciach,<\/li>\n<li>ta\u015bma mocuj\u0105c\u0105 o du\u017cej wytrzyma\u0142o\u015bci gwarantuj\u0105ca r\u00f3wnomierne i trwa\u0142e roz\u0142o\u017cenie listew na ramie \u0142\u00f3\u017cka,<\/li>\n<li>nak\u0142adki z tworzywa sztucznego na listwy zapobiegaj\u0105ce skrzypieniu,<\/li>\n<li>stela\u017ce w r\u00f3\u017cnych rozmiarach.<\/li>\n<\/ul>\n<\/section>\n<\/div>\n<div class=\"item item-6\">\n<section class=\"image-item\"><img \/><\/section>\n<\/div>\n<\/section>\n","protected":false},"excerpt":{"rendered":"<p>Listwa spr\u0119\u017cynuj\u0105ca FLEX: Listwa bukowa wyprofilowana w lekki \u0142uk zwi\u0119kszaj\u0105cy komfort i spr\u0119\u017cysto\u015b\u0107 materaca. Dwustronnie \u017cywicowana. Wymiar listwy: szeroko\u015b\u0107: 53 mm grubo\u015b\u0107: 8 mm d\u0142ugo\u015b\u0107: 695 mm Jest przeznaczona do \u0142\u00f3\u017cka \/ stela\u017ca o szeroko\u015bci 70 cm. Aukcja dotyczy zakupu 3 sztuk listew. Na innych naszych aukcjach znajduj\u0105 si\u0119: zestawy 5 szt. i 10 szt. [&hellip;]<\/p>\n","protected":false},"featured_media":2871,"comment_status":"open","ping_status":"closed","template":"","meta":[],"product_brand":[],"product_cat":[24],"product_tag":[],"class_list":{"0":"post-2875","1":"product","2":"type-product","3":"status-publish","4":"has-post-thumbnail","6":"product_cat-stelaze","7":"product_shipping_class-listwy-3-5-szt","9":"first","10":"instock","11":"taxable","12":"shipping-taxable","13":"purchasable","14":"product-type-simple"},"_links":{"self":[{"href":"https:\/\/lendo.biz\/index.php\/wp-json\/wp\/v2\/product\/2875","targetHints":{"allow":["GET"]}}],"collection":[{"href":"https:\/\/lendo.biz\/index.php\/wp-json\/wp\/v2\/product"}],"about":[{"href":"https:\/\/lendo.biz\/index.php\/wp-json\/wp\/v2\/types\/product"}],"replies":[{"embeddable":true,"href":"https:\/\/lendo.biz\/index.php\/wp-json\/wp\/v2\/comments?post=2875"}],"version-history":[{"count":2,"href":"https:\/\/lendo.biz\/index.php\/wp-json\/wp\/v2\/product\/2875\/revisions"}],"predecessor-version":[{"id":3038,"href":"https:\/\/lendo.biz\/index.php\/wp-json\/wp\/v2\/product\/2875\/revisions\/3038"}],"wp:featuredmedia":[{"embeddable":true,"href":"https:\/\/lendo.biz\/index.php\/wp-json\/wp\/v2\/media\/2871"}],"wp:attachment":[{"href":"https:\/\/lendo.biz\/index.php\/wp-json\/wp\/v2\/media?parent=2875"}],"wp:term":[{"taxonomy":"product_brand","embeddable":true,"href":"https:\/\/lendo.biz\/index.php\/wp-json\/wp\/v2\/product_brand?post=2875"},{"taxonomy":"product_cat","embeddable":true,"href":"https:\/\/lendo.biz\/index.php\/wp-json\/wp\/v2\/product_cat?post=2875"},{"taxonomy":"product_tag","embeddable":true,"href":"https:\/\/lendo.biz\/index.php\/wp-json\/wp\/v2\/product_tag?post=2875"}],"curies":[{"name":"wp","href":"https:\/\/api.w.org\/{rel}","templated":true}]}}