{"id":2863,"date":"2025-01-21T10:35:54","date_gmt":"2025-01-21T09:35:54","guid":{"rendered":"https:\/\/lendo.biz\/index.php\/produkt\/nasadka-uchwyt-listwy-sprezynujacej-10-szt\/"},"modified":"2026-03-23T07:43:03","modified_gmt":"2026-03-23T06:43:03","slug":"nasadka-uchwyt-listwy-sprezynujacej-10-szt","status":"publish","type":"product","link":"https:\/\/lendo.biz\/index.php\/produkt\/nasadka-uchwyt-listwy-sprezynujacej-10-szt\/","title":{"rendered":"Nasadka uchwyt listwy spr\u0119\u017cynuj\u0105cej 10 szt"},"content":{"rendered":"<section class=\"section\">\n<div class=\"item item-12\">\n<section class=\"text-item\">\n<h1>Uchwyt listwy spr\u0119\u017cynuj\u0105cej:<\/h1>\n<ul>\n<li>zapobiega skrzypieniu stela\u017ca,<\/li>\n<li>do listew o szeroko\u015bci do 53 mm i wysoko\u015bci 8 mm,<\/li>\n<li>wykonany z wytrzyma\u0142ego tworzywa sztucznego,<\/li>\n<li>produkt polski.<\/li>\n<\/ul>\n<\/section><\/div>\n<\/section>\n<section class=\"section\">\n<div class=\"item item-6\">\n<section class=\"image-item\">\n            <img decoding=\"async\" src=\"https:\/\/upload.cdn.baselinker.com\/products\/5004861\/597d24163ae01eab53a2e57293c1fdb7.jpg\" \/><br \/>\n        <\/section>\n<\/p><\/div>\n<div class=\"item item-6\">\n<section class=\"image-item\">\n            <img decoding=\"async\" src=\"https:\/\/upload.cdn.baselinker.com\/products\/5004861\/fb4f2425b4886a5c9a385a3da1ca983a.jpg\" \/><br \/>\n        <\/section>\n<\/p><\/div>\n<\/section>\n<section class=\"section\">\n<div class=\"item item-6\">\n<section class=\"text-item\">\n<h1>Wymiar uchwytu:<\/h1>\n<\/section><\/div>\n<div class=\"item item-6\">\n<section class=\"image-item\">\n            <img decoding=\"async\" src=\"https:\/\/upload.cdn.baselinker.com\/products\/5004861\/364904b94ea67113dc8502131c271b4a.png\" \/><br \/>\n        <\/section>\n<\/p><\/div>\n<\/section>\n<section class=\"section\">\n<div class=\"item item-6\">\n<section class=\"image-item\">\n            <img decoding=\"async\" src=\"https:\/\/upload.cdn.baselinker.com\/products\/5004861\/c1fef57dc80acbc66471849dbc78f375.jpg\" \/><br \/>\n        <\/section>\n<\/p><\/div>\n<div class=\"item item-6\">\n<section class=\"text-item\">\n<h2>Aukcja dotyczy zakupu 10 sztuk uchwyt\u00f3w.<\/h2>\n<\/section><\/div>\n<\/section>\n<section class=\"section\">\n<div class=\"item item-6\">\n<section class=\"text-item\">\n<p>Na innych naszych aukcjach znajduj\u0105 si\u0119:<\/p>\n<ul>\n<li>zestawy uchwyt\u00f3w do ram drewnianych,<\/li>\n<li>listwy spr\u0119\u017cynuj\u0105ce,<\/li>\n<li>ta\u015bma mocuj\u0105c\u0105 o du\u017cej wytrzyma\u0142o\u015bci gwarantuj\u0105ca r\u00f3wnomierne i trwa\u0142e roz\u0142o\u017cenie listew na ramie \u0142\u00f3\u017cka,<\/li>\n<li>stela\u017ce w r\u00f3\u017cnych rozmiarach,<\/li>\n<li>\u0142\u00f3\u017cka dla dzieci.<\/li>\n<\/ul>\n<\/section><\/div>\n<div class=\"item item-6\">\n<section class=\"image-item\">\n            <img decoding=\"async\" src=\"https:\/\/upload.cdn.baselinker.com\/products\/5004861\/dd6be9bbd9437e24500097497181e749.jpg\" \/><br \/>\n        <\/section>\n<\/p><\/div>\n<\/section>\n","protected":false},"excerpt":{"rendered":"<p>Uchwyt listwy spr\u0119\u017cynuj\u0105cej: zapobiega skrzypieniu stela\u017ca, do listew o szeroko\u015bci do 53 mm i wysoko\u015bci 8 mm, wykonany z wytrzyma\u0142ego tworzywa sztucznego, produkt polski. Wymiar uchwytu: Aukcja dotyczy zakupu 10 sztuk uchwyt\u00f3w. Na innych naszych aukcjach znajduj\u0105 si\u0119: zestawy uchwyt\u00f3w do ram drewnianych, listwy spr\u0119\u017cynuj\u0105ce, ta\u015bma mocuj\u0105c\u0105 o du\u017cej wytrzyma\u0142o\u015bci gwarantuj\u0105ca r\u00f3wnomierne i trwa\u0142e roz\u0142o\u017cenie [&hellip;]<\/p>\n","protected":false},"featured_media":2858,"comment_status":"open","ping_status":"closed","template":"","meta":[],"product_brand":[],"product_cat":[24],"product_tag":[],"class_list":{"0":"post-2863","1":"product","2":"type-product","3":"status-publish","4":"has-post-thumbnail","6":"product_cat-stelaze","7":"product_shipping_class-paczkomat","9":"first","10":"instock","11":"taxable","12":"shipping-taxable","13":"purchasable","14":"product-type-simple"},"_links":{"self":[{"href":"https:\/\/lendo.biz\/index.php\/wp-json\/wp\/v2\/product\/2863","targetHints":{"allow":["GET"]}}],"collection":[{"href":"https:\/\/lendo.biz\/index.php\/wp-json\/wp\/v2\/product"}],"about":[{"href":"https:\/\/lendo.biz\/index.php\/wp-json\/wp\/v2\/types\/product"}],"replies":[{"embeddable":true,"href":"https:\/\/lendo.biz\/index.php\/wp-json\/wp\/v2\/comments?post=2863"}],"version-history":[{"count":1,"href":"https:\/\/lendo.biz\/index.php\/wp-json\/wp\/v2\/product\/2863\/revisions"}],"predecessor-version":[{"id":2865,"href":"https:\/\/lendo.biz\/index.php\/wp-json\/wp\/v2\/product\/2863\/revisions\/2865"}],"wp:featuredmedia":[{"embeddable":true,"href":"https:\/\/lendo.biz\/index.php\/wp-json\/wp\/v2\/media\/2858"}],"wp:attachment":[{"href":"https:\/\/lendo.biz\/index.php\/wp-json\/wp\/v2\/media?parent=2863"}],"wp:term":[{"taxonomy":"product_brand","embeddable":true,"href":"https:\/\/lendo.biz\/index.php\/wp-json\/wp\/v2\/product_brand?post=2863"},{"taxonomy":"product_cat","embeddable":true,"href":"https:\/\/lendo.biz\/index.php\/wp-json\/wp\/v2\/product_cat?post=2863"},{"taxonomy":"product_tag","embeddable":true,"href":"https:\/\/lendo.biz\/index.php\/wp-json\/wp\/v2\/product_tag?post=2863"}],"curies":[{"name":"wp","href":"https:\/\/api.w.org\/{rel}","templated":true}]}}