{"id":2857,"date":"2025-01-21T10:35:43","date_gmt":"2025-01-21T09:35:43","guid":{"rendered":"https:\/\/lendo.biz\/index.php\/produkt\/opaska-spinacz-listwy-sprezynujacej-regulator-twardosci-10-szt\/"},"modified":"2025-12-31T17:34:35","modified_gmt":"2025-12-31T16:34:35","slug":"opaska-spinacz-listwy-sprezynujacej-regulator-twardosci-10-szt","status":"publish","type":"product","link":"https:\/\/lendo.biz\/index.php\/produkt\/opaska-spinacz-listwy-sprezynujacej-regulator-twardosci-10-szt\/","title":{"rendered":"Opaska spinacz listwy spr\u0119\u017cynuj\u0105cej regulator twardo\u015bci 10 szt."},"content":{"rendered":"<section class=\"section\">\n<div class=\"item item-6\">\n<section class=\"text-item\">\n<h1>Spinacz listwy spr\u0119\u017cynuj\u0105cej:<\/h1>\n<ul>\n<li>umo\u017cliwia regulacj\u0119 twardo\u015b\u0107i stela\u017ca,<\/li>\n<li>do listew o szeroko\u015bci do 55 mm i wysoko\u015bci 8 mm,<\/li>\n<li>wykonany z wytrzyma\u0142ego tworzywa sztucznego,<\/li>\n<li>produkt polski.<\/li>\n<\/ul>\n<\/section><\/div>\n<div class=\"item item-6\">\n<section class=\"image-item\">\n            <img decoding=\"async\" src=\"https:\/\/upload.cdn.baselinker.com\/products\/5004861\/891acb804382a0752fb1a1c6bce059e1.jpg\" \/><br \/>\n        <\/section>\n<\/p><\/div>\n<\/section>\n<section class=\"section\">\n<div class=\"item item-6\">\n<section class=\"image-item\">\n            <img decoding=\"async\" src=\"https:\/\/upload.cdn.baselinker.com\/products\/5004861\/e793cca38096b4369957e2ffdcd27c79.jpg\" \/><br \/>\n        <\/section>\n<\/p><\/div>\n<div class=\"item item-6\">\n<section class=\"image-item\">\n            <img decoding=\"async\" src=\"https:\/\/upload.cdn.baselinker.com\/products\/5004861\/1c5789b9e6cc3d6e0131c191d32634d3.jpg\" \/><br \/>\n        <\/section>\n<\/p><\/div>\n<\/section>\n<section class=\"section\">\n<div class=\"item item-12\">\n<section class=\"image-item\">\n            <img decoding=\"async\" src=\"https:\/\/upload.cdn.baselinker.com\/products\/5004861\/793b8f1488d8e361a47327304c7df323.jpg\" \/><br \/>\n        <\/section>\n<\/p><\/div>\n<\/section>\n<section class=\"section\">\n<div class=\"item item-12\">\n<section class=\"text-item\">\n<h2>Aukcja dotyczy zakupu 10 sztuk uchwyt\u00f3w.<\/h2>\n<\/section><\/div>\n<\/section>\n<section class=\"section\">\n<div class=\"item item-6\">\n<section class=\"image-item\">\n            <img decoding=\"async\" src=\"https:\/\/upload.cdn.baselinker.com\/products\/5004861\/00a130fd50647867434577382dd8cc42.jpg\" \/><br \/>\n        <\/section>\n<\/p><\/div>\n<div class=\"item item-6\">\n<section class=\"image-item\">\n            <img decoding=\"async\" src=\"https:\/\/upload.cdn.baselinker.com\/products\/5004861\/5633a62122453503058620b84a3f8092.jpg\" \/><br \/>\n        <\/section>\n<\/p><\/div>\n<\/section>\n<section class=\"section\">\n<div class=\"item item-6\">\n<section class=\"text-item\">\n<p>Na innych naszych aukcjach znajduj\u0105 si\u0119:<\/p>\n<ul>\n<li>zestawy uchwyt\u00f3w do ram drewnianych, metalowych,<\/li>\n<li>listwy spr\u0119\u017cynuj\u0105ce,<\/li>\n<li>ta\u015bma mocuj\u0105c\u0105 o du\u017cej wytrzyma\u0142o\u015bci gwarantuj\u0105ca r\u00f3wnomierne i trwa\u0142e roz\u0142o\u017cenie listew na ramie \u0142\u00f3\u017cka,<\/li>\n<li>stela\u017ce w r\u00f3\u017cnych rozmiarach,<\/li>\n<li>\u0142\u00f3\u017cka dla dzieci.<\/li>\n<\/ul>\n<\/section><\/div>\n<div class=\"item item-6\">\n<section class=\"image-item\">\n            <img decoding=\"async\" src=\"https:\/\/upload.cdn.baselinker.com\/products\/5004861\/e918d81d933bf80f671e66ce73a87904.jpg\" \/><br \/>\n        <\/section>\n<\/p><\/div>\n<\/section>\n","protected":false},"excerpt":{"rendered":"<p><\/p>\n","protected":false},"featured_media":2850,"comment_status":"open","ping_status":"closed","template":"","meta":[],"product_brand":[],"product_cat":[24],"product_tag":[],"class_list":{"0":"post-2857","1":"product","2":"type-product","3":"status-publish","4":"has-post-thumbnail","6":"product_cat-stelaze","7":"product_shipping_class-paczkomat","9":"first","10":"instock","11":"taxable","12":"shipping-taxable","13":"purchasable","14":"product-type-simple"},"_links":{"self":[{"href":"https:\/\/lendo.biz\/index.php\/wp-json\/wp\/v2\/product\/2857","targetHints":{"allow":["GET"]}}],"collection":[{"href":"https:\/\/lendo.biz\/index.php\/wp-json\/wp\/v2\/product"}],"about":[{"href":"https:\/\/lendo.biz\/index.php\/wp-json\/wp\/v2\/types\/product"}],"replies":[{"embeddable":true,"href":"https:\/\/lendo.biz\/index.php\/wp-json\/wp\/v2\/comments?post=2857"}],"version-history":[{"count":1,"href":"https:\/\/lendo.biz\/index.php\/wp-json\/wp\/v2\/product\/2857\/revisions"}],"predecessor-version":[{"id":2866,"href":"https:\/\/lendo.biz\/index.php\/wp-json\/wp\/v2\/product\/2857\/revisions\/2866"}],"wp:featuredmedia":[{"embeddable":true,"href":"https:\/\/lendo.biz\/index.php\/wp-json\/wp\/v2\/media\/2850"}],"wp:attachment":[{"href":"https:\/\/lendo.biz\/index.php\/wp-json\/wp\/v2\/media?parent=2857"}],"wp:term":[{"taxonomy":"product_brand","embeddable":true,"href":"https:\/\/lendo.biz\/index.php\/wp-json\/wp\/v2\/product_brand?post=2857"},{"taxonomy":"product_cat","embeddable":true,"href":"https:\/\/lendo.biz\/index.php\/wp-json\/wp\/v2\/product_cat?post=2857"},{"taxonomy":"product_tag","embeddable":true,"href":"https:\/\/lendo.biz\/index.php\/wp-json\/wp\/v2\/product_tag?post=2857"}],"curies":[{"name":"wp","href":"https:\/\/api.w.org\/{rel}","templated":true}]}}