{"id":2829,"date":"2025-01-21T10:30:26","date_gmt":"2025-01-21T09:30:26","guid":{"rendered":"https:\/\/lendo.biz\/index.php\/produkt\/nasadka-uchwyt-listwy-sprezynujacej-stelaza-do-ramy-metalowej-10-szt\/"},"modified":"2026-02-14T18:24:23","modified_gmt":"2026-02-14T17:24:23","slug":"nasadka-uchwyt-listwy-sprezynujacej-stelaza-do-ramy-metalowej-10-szt","status":"publish","type":"product","link":"https:\/\/lendo.biz\/index.php\/produkt\/nasadka-uchwyt-listwy-sprezynujacej-stelaza-do-ramy-metalowej-10-szt\/","title":{"rendered":"Nasadka uchwyt listwy spr\u0119\u017cynuj\u0105cej stela\u017ca do ramy metalowej 10 szt"},"content":{"rendered":"<section class=\"section\">\n<div class=\"item item-6\">\n<section class=\"text-item\">\n<h1>Uchwyt listwy spr\u0119\u017cynuj\u0105cej:<\/h1>\n<ul>\n<li>zapobiega skrzypieniu stela\u017ca,<\/li>\n<li>do listew o szeroko\u015bci do 55 mm i wysoko\u015bci 10 mm (pasuje do standardowych listew o wymiarach 53 x 8 mm),<\/li>\n<li>wykonany z wytrzyma\u0142ego tworzywa sztucznego,<\/li>\n<li>przeznaczony do ramy metalowej,<\/li>\n<li>produkt polski.<\/li>\n<\/ul>\n<\/section><\/div>\n<div class=\"item item-6\">\n<section class=\"image-item\">\n            <img decoding=\"async\" src=\"https:\/\/upload.cdn.baselinker.com\/products\/5004861\/473709faab56d375247bb7ef11ebd222.jpg\" \/><br \/>\n        <\/section>\n<\/p><\/div>\n<\/section>\n<section class=\"section\">\n<div class=\"item item-12\">\n<section class=\"text-item\">\n<h1>Wymiar uchwytu:<\/h1>\n<\/section><\/div>\n<\/section>\n<section class=\"section\">\n<div class=\"item item-6\">\n<section class=\"image-item\">\n            <img decoding=\"async\" src=\"https:\/\/upload.cdn.baselinker.com\/products\/5004861\/51ab401644acfdf6bb9b4c5dd8bdb9ca.png\" \/><br \/>\n        <\/section>\n<\/p><\/div>\n<div class=\"item item-6\">\n<section class=\"text-item\">\n<p>Uchwyt przeznaczony jest do ram metalowych o nast\u0119puj\u0105cej specyfikacji:<\/p>\n<ul>\n<li>\u015arednica otwor\u00f3w: <b>9,8<\/b><b>\u00a0mm<\/b><\/li>\n<li>Rozstaw otwor\u00f3w: <b>36 mm<\/b><\/li>\n<\/ul>\n<\/section><\/div>\n<\/section>\n<section class=\"section\">\n<div class=\"item item-12\">\n<section class=\"text-item\">\n<h2>Aukcja dotyczy zakupu 10 sztuk uchwyt\u00f3w.<\/h2>\n<\/section><\/div>\n<\/section>\n<section class=\"section\">\n<div class=\"item item-6\">\n<section class=\"image-item\">\n            <img decoding=\"async\" src=\"https:\/\/upload.cdn.baselinker.com\/products\/5004861\/b9101299d2ba73280ab138855b00ba85.jpg\" \/><br \/>\n        <\/section>\n<\/p><\/div>\n<div class=\"item item-6\">\n<section class=\"image-item\">\n            <img decoding=\"async\" src=\"https:\/\/upload.cdn.baselinker.com\/products\/5004861\/0d3682b83865acf5bbae43f4281be7d8.jpg\" \/><br \/>\n        <\/section>\n<\/p><\/div>\n<\/section>\n<section class=\"section\">\n<div class=\"item item-6\">\n<section class=\"image-item\">\n            <img decoding=\"async\" src=\"https:\/\/upload.cdn.baselinker.com\/products\/5004861\/49a53ea305f2f257db6174654d1d7cb0.jpg\" \/><br \/>\n        <\/section>\n<\/p><\/div>\n<div class=\"item item-6\">\n<section class=\"image-item\">\n            <img decoding=\"async\" src=\"https:\/\/upload.cdn.baselinker.com\/products\/5004861\/473709faab56d375247bb7ef11ebd222.jpg\" \/><br \/>\n        <\/section>\n<\/p><\/div>\n<\/section>\n<section class=\"section\">\n<div class=\"item item-6\">\n<section class=\"text-item\">\n<p>Na innych naszych aukcjach znajduj\u0105 si\u0119:<\/p>\n<ul>\n<li>zestawy uchwyt\u00f3w do ram drewnianych,<\/li>\n<li>listwy spr\u0119\u017cynuj\u0105ce,<\/li>\n<li>ta\u015bma mocuj\u0105c\u0105 o du\u017cej wytrzyma\u0142o\u015bci gwarantuj\u0105ca r\u00f3wnomierne i trwa\u0142e roz\u0142o\u017cenie listew na ramie \u0142\u00f3\u017cka,<\/li>\n<li>stela\u017ce w r\u00f3\u017cnych rozmiarach,<\/li>\n<li>\u0142\u00f3\u017cka dla dzieci.<\/li>\n<\/ul>\n<\/section><\/div>\n<div class=\"item item-6\">\n<section class=\"image-item\">\n            <img decoding=\"async\" src=\"https:\/\/upload.cdn.baselinker.com\/products\/5004861\/45e8c20d0e533fa24be0b38458500ce2.jpg\" \/><br \/>\n        <\/section>\n<\/p><\/div>\n<\/section>\n","protected":false},"excerpt":{"rendered":"<p>Uchwyt listwy spr\u0119\u017cynuj\u0105cej: zapobiega skrzypieniu stela\u017ca, do listew o szeroko\u015bci do 55 mm i wysoko\u015bci 10 mm (pasuje do standardowych listew o wymiarach 53 x 8 mm), wykonany z wytrzyma\u0142ego tworzywa sztucznego, przeznaczony do ramy metalowej, produkt polski. Wymiar uchwytu: Uchwyt przeznaczony jest do ram metalowych o nast\u0119puj\u0105cej specyfikacji: \u015arednica otwor\u00f3w: 9,8\u00a0mm Rozstaw otwor\u00f3w: 36 [&hellip;]<\/p>\n","protected":false},"featured_media":2823,"comment_status":"open","ping_status":"closed","template":"","meta":[],"product_brand":[],"product_cat":[24],"product_tag":[],"class_list":{"0":"post-2829","1":"product","2":"type-product","3":"status-publish","4":"has-post-thumbnail","6":"product_cat-stelaze","7":"product_shipping_class-paczkomat","9":"first","10":"instock","11":"taxable","12":"shipping-taxable","13":"purchasable","14":"product-type-simple"},"_links":{"self":[{"href":"https:\/\/lendo.biz\/index.php\/wp-json\/wp\/v2\/product\/2829","targetHints":{"allow":["GET"]}}],"collection":[{"href":"https:\/\/lendo.biz\/index.php\/wp-json\/wp\/v2\/product"}],"about":[{"href":"https:\/\/lendo.biz\/index.php\/wp-json\/wp\/v2\/types\/product"}],"replies":[{"embeddable":true,"href":"https:\/\/lendo.biz\/index.php\/wp-json\/wp\/v2\/comments?post=2829"}],"version-history":[{"count":1,"href":"https:\/\/lendo.biz\/index.php\/wp-json\/wp\/v2\/product\/2829\/revisions"}],"predecessor-version":[{"id":2868,"href":"https:\/\/lendo.biz\/index.php\/wp-json\/wp\/v2\/product\/2829\/revisions\/2868"}],"wp:featuredmedia":[{"embeddable":true,"href":"https:\/\/lendo.biz\/index.php\/wp-json\/wp\/v2\/media\/2823"}],"wp:attachment":[{"href":"https:\/\/lendo.biz\/index.php\/wp-json\/wp\/v2\/media?parent=2829"}],"wp:term":[{"taxonomy":"product_brand","embeddable":true,"href":"https:\/\/lendo.biz\/index.php\/wp-json\/wp\/v2\/product_brand?post=2829"},{"taxonomy":"product_cat","embeddable":true,"href":"https:\/\/lendo.biz\/index.php\/wp-json\/wp\/v2\/product_cat?post=2829"},{"taxonomy":"product_tag","embeddable":true,"href":"https:\/\/lendo.biz\/index.php\/wp-json\/wp\/v2\/product_tag?post=2829"}],"curies":[{"name":"wp","href":"https:\/\/api.w.org\/{rel}","templated":true}]}}