{"id":2817,"date":"2025-01-21T10:30:01","date_gmt":"2025-01-21T09:30:01","guid":{"rendered":"https:\/\/lendo.biz\/index.php\/produkt\/nasadka-uchwyt-listwy-sprezynujacej-stelaza-20-szt\/"},"modified":"2025-12-31T17:34:24","modified_gmt":"2025-12-31T16:34:24","slug":"nasadka-uchwyt-listwy-sprezynujacej-stelaza-20-szt","status":"publish","type":"product","link":"https:\/\/lendo.biz\/index.php\/produkt\/nasadka-uchwyt-listwy-sprezynujacej-stelaza-20-szt\/","title":{"rendered":"Nasadka uchwyt listwy spr\u0119\u017cynuj\u0105cej stela\u017ca 20 szt"},"content":{"rendered":"<section class=\"section\">\n<div class=\"item item-6\">\n<section class=\"text-item\">\n<h1>Uchwyt listwy spr\u0119\u017cynuj\u0105cej:<\/h1>\n<ul>\n<li>zapobiega skrzypieniu stela\u017ca,<\/li>\n<li>do listew o szeroko\u015bci do 55 mm i wysoko\u015bci 8 mm (pasuje do standardowych listew o wymiarach 53 x 8 mm),<\/li>\n<li>wykonany z wytrzyma\u0142ego tworzywa sztucznego,<\/li>\n<li>produkt polski.<\/li>\n<\/ul>\n<\/section><\/div>\n<div class=\"item item-6\">\n<section class=\"image-item\">\n            <img decoding=\"async\" src=\"https:\/\/upload.cdn.baselinker.com\/products\/5004861\/eab4fbe550527ccb3c39094a0c97615e.jpg\" \/><br \/>\n        <\/section>\n<\/p><\/div>\n<\/section>\n<section class=\"section\">\n<div class=\"item item-6\">\n<section class=\"image-item\">\n            <img decoding=\"async\" src=\"https:\/\/upload.cdn.baselinker.com\/products\/5004861\/1cee72be7335608462d6c284be6e5d53.jpg\" \/><br \/>\n        <\/section>\n<\/p><\/div>\n<div class=\"item item-6\">\n<section class=\"text-item\">\n<h1>Wymiar uchwytu:<\/h1>\n<ul>\n<li>A: 56 mm<\/li>\n<li>B: 24 mm<\/li>\n<li>C: 9 mm<\/li>\n<li>D: 27 mm<\/li>\n<\/ul>\n<\/section><\/div>\n<\/section>\n<section class=\"section\">\n<div class=\"item item-12\">\n<section class=\"text-item\">\n<h2>Aukcja dotyczy zakupu 20 sztuk uchwyt\u00f3w.<\/h2>\n<\/section><\/div>\n<\/section>\n<section class=\"section\">\n<div class=\"item item-6\">\n<section class=\"text-item\">\n<p>Na innych naszych aukcjach znajduj\u0105 si\u0119:<\/p>\n<ul>\n<li>zestaw 10 szt. uchwyt\u00f3w,<\/li>\n<li>zestaw 40 szt. uchwyt\u00f3w,<\/li>\n<li>listwy spr\u0119\u017cynuj\u0105ce,<\/li>\n<li>ta\u015bma mocuj\u0105c\u0105 o du\u017cej wytrzyma\u0142o\u015bci gwarantuj\u0105ca r\u00f3wnomierne i trwa\u0142e roz\u0142o\u017cenie listew na ramie \u0142\u00f3\u017cka,<\/li>\n<li>stela\u017ce w r\u00f3\u017cnych rozmiarach.<\/li>\n<\/ul>\n<\/section><\/div>\n<div class=\"item item-6\">\n<section class=\"image-item\">\n            <img decoding=\"async\" src=\"https:\/\/upload.cdn.baselinker.com\/products\/5004861\/68c2dc562cfe9e8239954ca038796d22.jpg\" \/><br \/>\n        <\/section>\n<\/p><\/div>\n<\/section>\n","protected":false},"excerpt":{"rendered":"<p>Uchwyt listwy spr\u0119\u017cynuj\u0105cej: zapobiega skrzypieniu stela\u017ca, do listew o szeroko\u015bci do 55 mm i wysoko\u015bci 8 mm (pasuje do standardowych listew o wymiarach 53 x 8 mm), wykonany z wytrzyma\u0142ego tworzywa sztucznego, produkt polski. Wymiar uchwytu: A: 56 mm B: 24 mm C: 9 mm D: 27 mm Aukcja dotyczy zakupu 20 sztuk uchwyt\u00f3w. Na [&hellip;]<\/p>\n","protected":false},"featured_media":2813,"comment_status":"open","ping_status":"closed","template":"","meta":[],"product_brand":[],"product_cat":[24],"product_tag":[],"class_list":{"0":"post-2817","1":"product","2":"type-product","3":"status-publish","4":"has-post-thumbnail","6":"product_cat-stelaze","7":"product_shipping_class-paczkomat","9":"first","10":"instock","11":"taxable","12":"shipping-taxable","13":"purchasable","14":"product-type-simple"},"_links":{"self":[{"href":"https:\/\/lendo.biz\/index.php\/wp-json\/wp\/v2\/product\/2817","targetHints":{"allow":["GET"]}}],"collection":[{"href":"https:\/\/lendo.biz\/index.php\/wp-json\/wp\/v2\/product"}],"about":[{"href":"https:\/\/lendo.biz\/index.php\/wp-json\/wp\/v2\/types\/product"}],"replies":[{"embeddable":true,"href":"https:\/\/lendo.biz\/index.php\/wp-json\/wp\/v2\/comments?post=2817"}],"version-history":[{"count":1,"href":"https:\/\/lendo.biz\/index.php\/wp-json\/wp\/v2\/product\/2817\/revisions"}],"predecessor-version":[{"id":2870,"href":"https:\/\/lendo.biz\/index.php\/wp-json\/wp\/v2\/product\/2817\/revisions\/2870"}],"wp:featuredmedia":[{"embeddable":true,"href":"https:\/\/lendo.biz\/index.php\/wp-json\/wp\/v2\/media\/2813"}],"wp:attachment":[{"href":"https:\/\/lendo.biz\/index.php\/wp-json\/wp\/v2\/media?parent=2817"}],"wp:term":[{"taxonomy":"product_brand","embeddable":true,"href":"https:\/\/lendo.biz\/index.php\/wp-json\/wp\/v2\/product_brand?post=2817"},{"taxonomy":"product_cat","embeddable":true,"href":"https:\/\/lendo.biz\/index.php\/wp-json\/wp\/v2\/product_cat?post=2817"},{"taxonomy":"product_tag","embeddable":true,"href":"https:\/\/lendo.biz\/index.php\/wp-json\/wp\/v2\/product_tag?post=2817"}],"curies":[{"name":"wp","href":"https:\/\/api.w.org\/{rel}","templated":true}]}}