{"id":438,"date":"2020-03-23T19:35:25","date_gmt":"2020-03-23T18:35:25","guid":{"rendered":"https:\/\/lendo.biz\/?page_id=438"},"modified":"2025-01-22T21:35:27","modified_gmt":"2025-01-22T20:35:27","slug":"o-firmie","status":"publish","type":"page","link":"https:\/\/lendo.biz\/index.php\/o-firmie\/","title":{"rendered":"O firmie"},"content":{"rendered":"\t\t<div data-elementor-type=\"wp-page\" data-elementor-id=\"438\" class=\"elementor elementor-438\">\n\t\t\t\t\t\t<section class=\"elementor-section elementor-top-section elementor-element elementor-element-44c2ab29 elementor-section-boxed elementor-section-height-default elementor-section-height-default\" data-id=\"44c2ab29\" data-element_type=\"section\" data-e-type=\"section\">\n\t\t\t\t\t\t<div class=\"elementor-container elementor-column-gap-default\">\n\t\t\t\t\t<div class=\"elementor-column elementor-col-100 elementor-top-column elementor-element elementor-element-5e7d2221\" data-id=\"5e7d2221\" data-element_type=\"column\" data-e-type=\"column\">\n\t\t\t<div class=\"elementor-widget-wrap elementor-element-populated\">\n\t\t\t\t\t\t<div class=\"elementor-element elementor-element-711dc49e elementor-widget elementor-widget-text-editor\" data-id=\"711dc49e\" data-element_type=\"widget\" data-e-type=\"widget\" data-widget_type=\"text-editor.default\">\n\t\t\t\t<div class=\"elementor-widget-container\">\n\t\t\t\t\t\t\t\t\t\n<div class=\"wp-block-columns is-layout-flex wp-container-core-columns-is-layout-28f84493 wp-block-columns-is-layout-flex\">\n<div class=\"wp-block-column is-layout-flow wp-block-column-is-layout-flow\" style=\"flex-basis: 19%;\">\n<h3 class=\"has-very-dark-gray-color has-text-color wp-block-heading\"><strong>Informacje<\/strong><\/h3>\n\n<div class=\"wp-block-button is-style-fill\"><a class=\"wp-block-button__link has-background\" style=\"background-color: #ffffff;\" href=\"https:\/\/lendo.biz\/index.php\/o-firmie\/\">O firmie<\/a><\/div>\n\n<p>\u00a0<\/p>\n<\/div>\n\n<div class=\"wp-block-column is-layout-flow wp-block-column-is-layout-flow\" style=\"flex-basis: 81%;\">\n<p>Jeste\u015bmy firm\u0105 produkuj\u0105c\u0105 meble dla dzieci i m\u0142odzie\u017cy. Bezpiecze\u0144stwo, solidno\u015b\u0107, jako\u015b\u0107 wykonania i du\u017ca funkcjonalno\u015b\u0107 naszych mebli cieszy si\u0119 uznaniem nie tylko w Polsce ale \u00a0i w Europie. \u00a0<\/p>\n\n<p>Naszym klientom proponujemy r\u00f3\u017cne rozmiary i kolory mebli, tak aby mogli \u0142atwo dopasowa\u0107 poszczeg\u00f3lne elementy wyposa\u017cenia do swoich potrzeb. Aby m\u00f3c sprosta\u0107 gustom naszych klient\u00f3w, stale poszerzamy nasz\u0105 ofert\u0119 zgodnie z obowi\u0105zuj\u0105cymi trendami mody.\u00a0 W procesie produkcji stosujemy wy\u0142\u0105cznie materia\u0142y ekologiczne i atestowane, kt\u00f3re spe\u0142niaj\u0105 europejskie normy bezpiecze\u0144stwa.<\/p>\n<\/div>\n<\/div>\n\n<p>\u00a0<\/p>\n\t\t\t\t\t\t\t\t<\/div>\n\t\t\t\t<\/div>\n\t\t\t\t\t<\/div>\n\t\t<\/div>\n\t\t\t\t\t<\/div>\n\t\t<\/section>\n\t\t\t\t<\/div>\n\t\t","protected":false},"excerpt":{"rendered":"<p>Informacje \u00a0 Jeste\u015bmy firm\u0105 produkuj\u0105c\u0105 meble dla dzieci i m\u0142odzie\u017cy. Bezpiecze\u0144stwo, solidno\u015b\u0107, jako\u015b\u0107 wykonania i du\u017ca funkcjonalno\u015b\u0107 naszych mebli cieszy si\u0119 uznaniem nie tylko w Polsce ale \u00a0i w Europie. \u00a0 Naszym klientom proponujemy r\u00f3\u017cne rozmiary i kolory mebli, tak aby mogli \u0142atwo dopasowa\u0107 poszczeg\u00f3lne elementy wyposa\u017cenia do swoich potrzeb. Aby m\u00f3c sprosta\u0107 gustom naszych [&hellip;]<\/p>\n","protected":false},"author":1,"featured_media":0,"parent":0,"menu_order":0,"comment_status":"closed","ping_status":"closed","template":"","meta":{"footnotes":""},"class_list":["post-438","page","type-page","status-publish","hentry"],"_links":{"self":[{"href":"https:\/\/lendo.biz\/index.php\/wp-json\/wp\/v2\/pages\/438","targetHints":{"allow":["GET"]}}],"collection":[{"href":"https:\/\/lendo.biz\/index.php\/wp-json\/wp\/v2\/pages"}],"about":[{"href":"https:\/\/lendo.biz\/index.php\/wp-json\/wp\/v2\/types\/page"}],"author":[{"embeddable":true,"href":"https:\/\/lendo.biz\/index.php\/wp-json\/wp\/v2\/users\/1"}],"replies":[{"embeddable":true,"href":"https:\/\/lendo.biz\/index.php\/wp-json\/wp\/v2\/comments?post=438"}],"version-history":[{"count":14,"href":"https:\/\/lendo.biz\/index.php\/wp-json\/wp\/v2\/pages\/438\/revisions"}],"predecessor-version":[{"id":3782,"href":"https:\/\/lendo.biz\/index.php\/wp-json\/wp\/v2\/pages\/438\/revisions\/3782"}],"wp:attachment":[{"href":"https:\/\/lendo.biz\/index.php\/wp-json\/wp\/v2\/media?parent=438"}],"curies":[{"name":"wp","href":"https:\/\/api.w.org\/{rel}","templated":true}]}}